{"id":10060688,"date":"2024-04-05T07:13:04","date_gmt":"2024-04-05T05:13:04","guid":{"rendered":"https:\/\/belovedlingerie.com\/sk\/izdelek\/sada-bezesveho-spodniho-pradla-eleanora-bezova\/"},"modified":"2026-05-08T12:57:07","modified_gmt":"2026-05-08T10:57:07","slug":"suprava-bezsvovej-spodnej-bielizne-eleanora-bezova","status":"publish","type":"product","link":"https:\/\/belovedlingerie.com\/sk\/izdelek\/suprava-bezsvovej-spodnej-bielizne-eleanora-bezova\/","title":{"rendered":"S\u00faprava bez\u0161vovej spodnej bielizne ELEANORA b\u00e9\u017eov\u00e1"},"content":{"rendered":"<ul>\n<li>Bez\u0161vov\u00e1 spodn\u00e1 bielize\u0148.<\/li>\n<li>Pohodln\u00e1 na ka\u017edodenn\u00e9 nosenie, ale pod oble\u010den\u00edm nevidite\u013en\u00e1.<\/li>\n<li><span class=\"Y2IQFc\" lang=\"cs\">Vyroben\u00e9 z m\u00e4kk\u00fdch materi\u00e1lov \u0161etrn\u00fdch k poko\u017eke.<\/span><\/li>\n<li>Podprsenka m\u00e1 nastavite\u013en\u00e9 ramienka.<\/li>\n<li>Typ nohavi\u010diek: Braz\u00edlky.<\/li>\n<li>Farba: b\u00e9\u017eov\u00e1.<\/li>\n<li>Modelka m\u00e1 na sebe \u010d\u00edslo S.<\/li>\n<li>Farby spodnej bielizne na obr\u00e1zkoch sa m\u00f4\u017eu mierne l\u00ed\u0161i\u0165 od skuto\u010dn\u00fdch farieb v d\u00f4sledku nastavenia telef\u00f3nu alebo po\u010d\u00edta\u010da.<\/li>\n<li>Zlo\u017eenie: 85 % polyamid, 15 % elastan.<\/li>\n<\/ul>\n","protected":false},"excerpt":{"rendered":"<p>Bez\u0161vov\u00e1 spodn\u00e1 bielize\u0148. Pohodln\u00e1 na ka\u017edodenn\u00e9 nosenie, ale pod oble\u010den\u00edm nevidite\u013en\u00e1. Vyroben\u00e9 z m\u00e4kk\u00fdch materi\u00e1lov \u0161etrn\u00fdch k poko\u017eke. Podprsenka m\u00e1 nastavite\u013en\u00e9 ramienka. Typ nohavi\u010diek: Braz\u00edlky. Farba: b\u00e9\u017eov\u00e1. Modelka m\u00e1 na sebe \u010d\u00edslo S. Farby spodnej bielizne na obr\u00e1zkoch sa m\u00f4\u017eu mierne l\u00ed\u0161i\u0165 od skuto\u010dn\u00fdch farieb v d\u00f4sledku nastavenia telef\u00f3nu alebo po\u010d\u00edta\u010da. Zlo\u017eenie: 85 % polyamid, [&#8230;]\n","protected":false},"featured_media":10060423,"comment_status":"open","ping_status":"closed","template":"","meta":{"_acf_changed":false},"product_brand":[],"product_cat":[198,158,227,205],"product_tag":[],"class_list":{"0":"post-10060688","1":"product","2":"type-product","3":"status-publish","4":"has-post-thumbnail","6":"product_cat-back-to-basics","7":"product_cat-bestsellers","8":"product_cat-bezesve-spodni-pradlo","9":"product_cat-supravy","11":"first","12":"instock","13":"taxable","14":"shipping-taxable","15":"purchasable","16":"product-type-variable"},"bundled_by":["10071052"],"bundle_stock_status":"instock","bundle_stock_quantity":null,"bundle_virtual":false,"bundle_layout":"","bundle_add_to_cart_form_location":"","bundle_editable_in_cart":false,"bundle_sold_individually_context":"","bundle_item_grouping":"","bundle_min_size":"","bundle_max_size":"","bundle_price":[],"bundled_items":[],"bundle_sell_ids":[],"acf":[],"yoast_head":"<!-- This site is optimized with the Yoast SEO plugin v24.3 - https:\/\/yoast.com\/wordpress\/plugins\/seo\/ -->\n<title>S\u00faprava bez\u0161vovej spodnej bielizne ELEANORA b\u00e9\u017eov\u00e1 - Beloved Lingerie<\/title>\n<meta name=\"robots\" content=\"index, follow, max-snippet:-1, max-image-preview:large, max-video-preview:-1\" \/>\n<link rel=\"canonical\" href=\"https:\/\/belovedlingerie.com\/sk\/izdelek\/suprava-bezsvovej-spodnej-bielizne-eleanora-bezova\/\" \/>\n<meta property=\"og:locale\" content=\"sk_SK\" \/>\n<meta property=\"og:type\" content=\"article\" \/>\n<meta property=\"og:title\" content=\"S\u00faprava bez\u0161vovej spodnej bielizne ELEANORA b\u00e9\u017eov\u00e1 - Beloved Lingerie\" \/>\n<meta property=\"og:description\" content=\"Bez\u0161vov\u00e1 spodn\u00e1 bielize\u0148. Pohodln\u00e1 na ka\u017edodenn\u00e9 nosenie, ale pod oble\u010den\u00edm nevidite\u013en\u00e1. Vyroben\u00e9 z m\u00e4kk\u00fdch materi\u00e1lov \u0161etrn\u00fdch k poko\u017eke. Podprsenka m\u00e1 nastavite\u013en\u00e9 ramienka. Typ nohavi\u010diek: Braz\u00edlky. Farba: b\u00e9\u017eov\u00e1. Modelka m\u00e1 na sebe \u010d\u00edslo S. Farby spodnej bielizne na obr\u00e1zkoch sa m\u00f4\u017eu mierne l\u00ed\u0161i\u0165 od skuto\u010dn\u00fdch farieb v d\u00f4sledku nastavenia telef\u00f3nu alebo po\u010d\u00edta\u010da. Zlo\u017eenie: 85 % polyamid, [...]\" \/>\n<meta property=\"og:url\" content=\"https:\/\/belovedlingerie.com\/sk\/izdelek\/suprava-bezsvovej-spodnej-bielizne-eleanora-bezova\/\" \/>\n<meta property=\"og:site_name\" content=\"Beloved Lingerie\" \/>\n<meta property=\"article:modified_time\" content=\"2026-05-08T10:57:07+00:00\" \/>\n<meta property=\"og:image\" content=\"https:\/\/belovedlingerie.com\/sk\/wp-content\/uploads\/2024\/03\/Komplet-brezsivnega-spodnjega-perila-ELEANORA-bez-4.jpg\" \/>\n\t<meta property=\"og:image:width\" content=\"1568\" \/>\n\t<meta property=\"og:image:height\" content=\"2352\" \/>\n\t<meta property=\"og:image:type\" content=\"image\/jpeg\" \/>\n<meta name=\"twitter:card\" content=\"summary_large_image\" \/>\n<meta name=\"twitter:label1\" content=\"Predpokladan\u00fd \u010das \u010d\u00edtania\" \/>\n\t<meta name=\"twitter:data1\" content=\"1 min\u00fata\" \/>\n<script type=\"application\/ld+json\" class=\"yoast-schema-graph\">{\"@context\":\"https:\/\/schema.org\",\"@graph\":[{\"@type\":\"WebPage\",\"@id\":\"https:\/\/belovedlingerie.com\/sk\/izdelek\/suprava-bezsvovej-spodnej-bielizne-eleanora-bezova\/\",\"url\":\"https:\/\/belovedlingerie.com\/sk\/izdelek\/suprava-bezsvovej-spodnej-bielizne-eleanora-bezova\/\",\"name\":\"S\u00faprava bez\u0161vovej spodnej bielizne ELEANORA b\u00e9\u017eov\u00e1 - Beloved Lingerie\",\"isPartOf\":{\"@id\":\"https:\/\/belovedlingerie.com\/sk\/#website\"},\"primaryImageOfPage\":{\"@id\":\"https:\/\/belovedlingerie.com\/sk\/izdelek\/suprava-bezsvovej-spodnej-bielizne-eleanora-bezova\/#primaryimage\"},\"image\":{\"@id\":\"https:\/\/belovedlingerie.com\/sk\/izdelek\/suprava-bezsvovej-spodnej-bielizne-eleanora-bezova\/#primaryimage\"},\"thumbnailUrl\":\"https:\/\/belovedlingerie.com\/sk\/wp-content\/uploads\/2024\/03\/Komplet-brezsivnega-spodnjega-perila-ELEANORA-bez-4.jpg\",\"datePublished\":\"2024-04-05T05:13:04+00:00\",\"dateModified\":\"2026-05-08T10:57:07+00:00\",\"breadcrumb\":{\"@id\":\"https:\/\/belovedlingerie.com\/sk\/izdelek\/suprava-bezsvovej-spodnej-bielizne-eleanora-bezova\/#breadcrumb\"},\"inLanguage\":\"sk-SK\",\"potentialAction\":[{\"@type\":\"ReadAction\",\"target\":[\"https:\/\/belovedlingerie.com\/sk\/izdelek\/suprava-bezsvovej-spodnej-bielizne-eleanora-bezova\/\"]}]},{\"@type\":\"ImageObject\",\"inLanguage\":\"sk-SK\",\"@id\":\"https:\/\/belovedlingerie.com\/sk\/izdelek\/suprava-bezsvovej-spodnej-bielizne-eleanora-bezova\/#primaryimage\",\"url\":\"https:\/\/belovedlingerie.com\/sk\/wp-content\/uploads\/2024\/03\/Komplet-brezsivnega-spodnjega-perila-ELEANORA-bez-4.jpg\",\"contentUrl\":\"https:\/\/belovedlingerie.com\/sk\/wp-content\/uploads\/2024\/03\/Komplet-brezsivnega-spodnjega-perila-ELEANORA-bez-4.jpg\",\"width\":1568,\"height\":2352},{\"@type\":\"BreadcrumbList\",\"@id\":\"https:\/\/belovedlingerie.com\/sk\/izdelek\/suprava-bezsvovej-spodnej-bielizne-eleanora-bezova\/#breadcrumb\",\"itemListElement\":[{\"@type\":\"ListItem\",\"position\":1,\"name\":\"Home\",\"item\":\"https:\/\/belovedlingerie.com\/sk\/\"},{\"@type\":\"ListItem\",\"position\":2,\"name\":\"Shop\",\"item\":\"https:\/\/belovedlingerie.com\/sk\/shop\/\"},{\"@type\":\"ListItem\",\"position\":3,\"name\":\"S\u00faprava bez\u0161vovej spodnej bielizne ELEANORA b\u00e9\u017eov\u00e1\"}]},{\"@type\":\"WebSite\",\"@id\":\"https:\/\/belovedlingerie.com\/sk\/#website\",\"url\":\"https:\/\/belovedlingerie.com\/sk\/\",\"name\":\"Beloved Lingerie\",\"description\":\"Your beloved fashion store!\",\"potentialAction\":[{\"@type\":\"SearchAction\",\"target\":{\"@type\":\"EntryPoint\",\"urlTemplate\":\"https:\/\/belovedlingerie.com\/sk\/?s={search_term_string}\"},\"query-input\":{\"@type\":\"PropertyValueSpecification\",\"valueRequired\":true,\"valueName\":\"search_term_string\"}}],\"inLanguage\":\"sk-SK\"}]}<\/script>\n<!-- \/ Yoast SEO plugin. -->","yoast_head_json":{"title":"S\u00faprava bez\u0161vovej spodnej bielizne ELEANORA b\u00e9\u017eov\u00e1 - Beloved Lingerie","robots":{"index":"index","follow":"follow","max-snippet":"max-snippet:-1","max-image-preview":"max-image-preview:large","max-video-preview":"max-video-preview:-1"},"canonical":"https:\/\/belovedlingerie.com\/sk\/izdelek\/suprava-bezsvovej-spodnej-bielizne-eleanora-bezova\/","og_locale":"sk_SK","og_type":"article","og_title":"S\u00faprava bez\u0161vovej spodnej bielizne ELEANORA b\u00e9\u017eov\u00e1 - Beloved Lingerie","og_description":"Bez\u0161vov\u00e1 spodn\u00e1 bielize\u0148. Pohodln\u00e1 na ka\u017edodenn\u00e9 nosenie, ale pod oble\u010den\u00edm nevidite\u013en\u00e1. Vyroben\u00e9 z m\u00e4kk\u00fdch materi\u00e1lov \u0161etrn\u00fdch k poko\u017eke. Podprsenka m\u00e1 nastavite\u013en\u00e9 ramienka. Typ nohavi\u010diek: Braz\u00edlky. Farba: b\u00e9\u017eov\u00e1. Modelka m\u00e1 na sebe \u010d\u00edslo S. Farby spodnej bielizne na obr\u00e1zkoch sa m\u00f4\u017eu mierne l\u00ed\u0161i\u0165 od skuto\u010dn\u00fdch farieb v d\u00f4sledku nastavenia telef\u00f3nu alebo po\u010d\u00edta\u010da. Zlo\u017eenie: 85 % polyamid, [...]","og_url":"https:\/\/belovedlingerie.com\/sk\/izdelek\/suprava-bezsvovej-spodnej-bielizne-eleanora-bezova\/","og_site_name":"Beloved Lingerie","article_modified_time":"2026-05-08T10:57:07+00:00","og_image":[{"width":1568,"height":2352,"url":"https:\/\/belovedlingerie.com\/sk\/wp-content\/uploads\/2024\/03\/Komplet-brezsivnega-spodnjega-perila-ELEANORA-bez-4.jpg","type":"image\/jpeg"}],"twitter_card":"summary_large_image","twitter_misc":{"Predpokladan\u00fd \u010das \u010d\u00edtania":"1 min\u00fata"},"schema":{"@context":"https:\/\/schema.org","@graph":[{"@type":"WebPage","@id":"https:\/\/belovedlingerie.com\/sk\/izdelek\/suprava-bezsvovej-spodnej-bielizne-eleanora-bezova\/","url":"https:\/\/belovedlingerie.com\/sk\/izdelek\/suprava-bezsvovej-spodnej-bielizne-eleanora-bezova\/","name":"S\u00faprava bez\u0161vovej spodnej bielizne ELEANORA b\u00e9\u017eov\u00e1 - Beloved Lingerie","isPartOf":{"@id":"https:\/\/belovedlingerie.com\/sk\/#website"},"primaryImageOfPage":{"@id":"https:\/\/belovedlingerie.com\/sk\/izdelek\/suprava-bezsvovej-spodnej-bielizne-eleanora-bezova\/#primaryimage"},"image":{"@id":"https:\/\/belovedlingerie.com\/sk\/izdelek\/suprava-bezsvovej-spodnej-bielizne-eleanora-bezova\/#primaryimage"},"thumbnailUrl":"https:\/\/belovedlingerie.com\/sk\/wp-content\/uploads\/2024\/03\/Komplet-brezsivnega-spodnjega-perila-ELEANORA-bez-4.jpg","datePublished":"2024-04-05T05:13:04+00:00","dateModified":"2026-05-08T10:57:07+00:00","breadcrumb":{"@id":"https:\/\/belovedlingerie.com\/sk\/izdelek\/suprava-bezsvovej-spodnej-bielizne-eleanora-bezova\/#breadcrumb"},"inLanguage":"sk-SK","potentialAction":[{"@type":"ReadAction","target":["https:\/\/belovedlingerie.com\/sk\/izdelek\/suprava-bezsvovej-spodnej-bielizne-eleanora-bezova\/"]}]},{"@type":"ImageObject","inLanguage":"sk-SK","@id":"https:\/\/belovedlingerie.com\/sk\/izdelek\/suprava-bezsvovej-spodnej-bielizne-eleanora-bezova\/#primaryimage","url":"https:\/\/belovedlingerie.com\/sk\/wp-content\/uploads\/2024\/03\/Komplet-brezsivnega-spodnjega-perila-ELEANORA-bez-4.jpg","contentUrl":"https:\/\/belovedlingerie.com\/sk\/wp-content\/uploads\/2024\/03\/Komplet-brezsivnega-spodnjega-perila-ELEANORA-bez-4.jpg","width":1568,"height":2352},{"@type":"BreadcrumbList","@id":"https:\/\/belovedlingerie.com\/sk\/izdelek\/suprava-bezsvovej-spodnej-bielizne-eleanora-bezova\/#breadcrumb","itemListElement":[{"@type":"ListItem","position":1,"name":"Home","item":"https:\/\/belovedlingerie.com\/sk\/"},{"@type":"ListItem","position":2,"name":"Shop","item":"https:\/\/belovedlingerie.com\/sk\/shop\/"},{"@type":"ListItem","position":3,"name":"S\u00faprava bez\u0161vovej spodnej bielizne ELEANORA b\u00e9\u017eov\u00e1"}]},{"@type":"WebSite","@id":"https:\/\/belovedlingerie.com\/sk\/#website","url":"https:\/\/belovedlingerie.com\/sk\/","name":"Beloved Lingerie","description":"Your beloved fashion store!","potentialAction":[{"@type":"SearchAction","target":{"@type":"EntryPoint","urlTemplate":"https:\/\/belovedlingerie.com\/sk\/?s={search_term_string}"},"query-input":{"@type":"PropertyValueSpecification","valueRequired":true,"valueName":"search_term_string"}}],"inLanguage":"sk-SK"}]}},"_links":{"self":[{"href":"https:\/\/belovedlingerie.com\/sk\/wp-json\/wp\/v2\/product\/10060688","targetHints":{"allow":["GET"]}}],"collection":[{"href":"https:\/\/belovedlingerie.com\/sk\/wp-json\/wp\/v2\/product"}],"about":[{"href":"https:\/\/belovedlingerie.com\/sk\/wp-json\/wp\/v2\/types\/product"}],"replies":[{"embeddable":true,"href":"https:\/\/belovedlingerie.com\/sk\/wp-json\/wp\/v2\/comments?post=10060688"}],"wp:featuredmedia":[{"embeddable":true,"href":"https:\/\/belovedlingerie.com\/sk\/wp-json\/wp\/v2\/media\/10060423"}],"wp:attachment":[{"href":"https:\/\/belovedlingerie.com\/sk\/wp-json\/wp\/v2\/media?parent=10060688"}],"wp:term":[{"taxonomy":"product_brand","embeddable":true,"href":"https:\/\/belovedlingerie.com\/sk\/wp-json\/wp\/v2\/product_brand?post=10060688"},{"taxonomy":"product_cat","embeddable":true,"href":"https:\/\/belovedlingerie.com\/sk\/wp-json\/wp\/v2\/product_cat?post=10060688"},{"taxonomy":"product_tag","embeddable":true,"href":"https:\/\/belovedlingerie.com\/sk\/wp-json\/wp\/v2\/product_tag?post=10060688"}],"curies":[{"name":"wp","href":"https:\/\/api.w.org\/{rel}","templated":true}]}}