{"id":10064098,"date":"2024-09-17T09:32:04","date_gmt":"2024-09-17T07:32:04","guid":{"rendered":"https:\/\/belovedlingerie.com\/sk\/?post_type=product&#038;p=10064098"},"modified":"2026-05-04T11:50:59","modified_gmt":"2026-05-04T09:50:59","slug":"bezsvova-podprsenka-amanda-cierna","status":"publish","type":"product","link":"https:\/\/belovedlingerie.com\/sk\/izdelek\/bezsvova-podprsenka-amanda-cierna\/","title":{"rendered":"Bez\u0161vov\u00e1 podprsenka AMANDA \u010dierna"},"content":{"rendered":"<ul>\n<li><span class=\"Y2IQFc\" lang=\"sk\">Bez\u0161vov\u00e1 podprsenka z pohodln\u00fdch materi\u00e1lov.<\/span><\/li>\n<li><span class=\"Y2IQFc\" lang=\"sk\">Preto\u017ee neobsahuje podporn\u00fd dr\u00f4t, je pohodln\u00e1 na ka\u017edodenn\u00e9 nosenie a nevidite\u013en\u00e1 pod oble\u010den\u00edm.<\/span><\/li>\n<li><span class=\"Y2IQFc\" lang=\"sk\">Pohodln\u00e1 a elegantn\u00e1.<\/span><\/li>\n<li>Nastavite\u013en\u00e9 ramienka.<\/li>\n<li>Ramienka je mo\u017en\u00e9 odopn\u00fa\u0165.<\/li>\n<li>Mo\u017enos\u0165 regul\u00e1cie obvodu podprsenky a p\u00e1su pomocou h\u00e1\u010dikov.<\/li>\n<li>Polstrovan\u00e9 vypch\u00e1vky.<\/li>\n<li>Zap\u00ednanie na h\u00e1\u010diky.<\/li>\n<li>Farba: \u010dierna.<\/li>\n<li><span class=\"Y2IQFc\" lang=\"sk\">Vyroben\u00e9 z m\u00e4kk\u00fdch, k poko\u017eke \u0161etrn\u00fdch materi\u00e1lov.<\/span><\/li>\n<li>Modelka nos\u00ed konfek\u010dn\u00fa ve\u013ekos\u0165 M.<\/li>\n<li>Farby spodnej bielizne na obr\u00e1zkoch sa m\u00f4\u017eu mierne l\u00ed\u0161i\u0165 od skuto\u010dn\u00fdch farieb kv\u00f4li nastaveniu telef\u00f3nu alebo po\u010d\u00edta\u010da.<\/li>\n<li>Zlo\u017eenie: Vypch\u00e1vka: 82% nylon, 18% spandex; Vonkaj\u0161ia \u010das\u0165 1: 90% modal, 10% spandex, Vonkaj\u0161ia \u010das\u0165 2: 83% nylon, 17% spandex.<\/li>\n<\/ul>\n","protected":false},"excerpt":{"rendered":"<p>Bez\u0161vov\u00e1 podprsenka z pohodln\u00fdch materi\u00e1lov. Preto\u017ee neobsahuje podporn\u00fd dr\u00f4t, je pohodln\u00e1 na ka\u017edodenn\u00e9 nosenie a nevidite\u013en\u00e1 pod oble\u010den\u00edm. Pohodln\u00e1 a elegantn\u00e1. Nastavite\u013en\u00e9 ramienka. Ramienka je mo\u017en\u00e9 odopn\u00fa\u0165. Mo\u017enos\u0165 regul\u00e1cie obvodu podprsenky a p\u00e1su pomocou h\u00e1\u010dikov. Polstrovan\u00e9 vypch\u00e1vky. Zap\u00ednanie na h\u00e1\u010diky. Farba: \u010dierna. Vyroben\u00e9 z m\u00e4kk\u00fdch, k poko\u017eke \u0161etrn\u00fdch materi\u00e1lov. Modelka nos\u00ed konfek\u010dn\u00fa ve\u013ekos\u0165 M. Farby [&#8230;]\n","protected":false},"featured_media":10064099,"comment_status":"open","ping_status":"closed","template":"","meta":{"_acf_changed":false},"product_brand":[],"product_cat":[264,198,158,227,199],"product_tag":[],"class_list":{"0":"post-10064098","1":"product","2":"type-product","3":"status-publish","4":"has-post-thumbnail","6":"product_cat-az-3xl","7":"product_cat-back-to-basics","8":"product_cat-bestsellers","9":"product_cat-bezesve-spodni-pradlo","10":"product_cat-podprsenky","12":"first","13":"instock","14":"taxable","15":"shipping-taxable","16":"purchasable","17":"product-type-variable"},"bundled_by":[],"bundle_stock_status":"instock","bundle_stock_quantity":null,"bundle_virtual":false,"bundle_layout":"","bundle_add_to_cart_form_location":"","bundle_editable_in_cart":false,"bundle_sold_individually_context":"","bundle_item_grouping":"","bundle_min_size":"","bundle_max_size":"","bundle_price":[],"bundled_items":[],"bundle_sell_ids":[],"acf":[],"yoast_head":"<!-- This site is optimized with the Yoast SEO plugin v24.3 - https:\/\/yoast.com\/wordpress\/plugins\/seo\/ -->\n<title>Bez\u0161vov\u00e1 podprsenka AMANDA \u010dierna - Beloved Lingerie<\/title>\n<meta name=\"robots\" content=\"index, follow, max-snippet:-1, max-image-preview:large, max-video-preview:-1\" \/>\n<link rel=\"canonical\" href=\"https:\/\/belovedlingerie.com\/sk\/izdelek\/bezsvova-podprsenka-amanda-cierna\/\" \/>\n<meta property=\"og:locale\" content=\"sk_SK\" \/>\n<meta property=\"og:type\" content=\"article\" \/>\n<meta property=\"og:title\" content=\"Bez\u0161vov\u00e1 podprsenka AMANDA \u010dierna - Beloved Lingerie\" \/>\n<meta property=\"og:description\" content=\"Bez\u0161vov\u00e1 podprsenka z pohodln\u00fdch materi\u00e1lov. Preto\u017ee neobsahuje podporn\u00fd dr\u00f4t, je pohodln\u00e1 na ka\u017edodenn\u00e9 nosenie a nevidite\u013en\u00e1 pod oble\u010den\u00edm. Pohodln\u00e1 a elegantn\u00e1. Nastavite\u013en\u00e9 ramienka. Ramienka je mo\u017en\u00e9 odopn\u00fa\u0165. Mo\u017enos\u0165 regul\u00e1cie obvodu podprsenky a p\u00e1su pomocou h\u00e1\u010dikov. Polstrovan\u00e9 vypch\u00e1vky. Zap\u00ednanie na h\u00e1\u010diky. Farba: \u010dierna. Vyroben\u00e9 z m\u00e4kk\u00fdch, k poko\u017eke \u0161etrn\u00fdch materi\u00e1lov. Modelka nos\u00ed konfek\u010dn\u00fa ve\u013ekos\u0165 M. Farby [...]\" \/>\n<meta property=\"og:url\" content=\"https:\/\/belovedlingerie.com\/sk\/izdelek\/bezsvova-podprsenka-amanda-cierna\/\" \/>\n<meta property=\"og:site_name\" content=\"Beloved Lingerie\" \/>\n<meta property=\"article:modified_time\" content=\"2026-05-04T09:50:59+00:00\" \/>\n<meta property=\"og:image\" content=\"https:\/\/belovedlingerie.com\/sk\/wp-content\/uploads\/2024\/09\/Brezsivni-nedrcek-AMANDA-crn-7-scaled-2.jpg\" \/>\n\t<meta property=\"og:image:width\" content=\"1707\" \/>\n\t<meta property=\"og:image:height\" content=\"2560\" \/>\n\t<meta property=\"og:image:type\" content=\"image\/jpeg\" \/>\n<meta name=\"twitter:card\" content=\"summary_large_image\" \/>\n<meta name=\"twitter:label1\" content=\"Predpokladan\u00fd \u010das \u010d\u00edtania\" \/>\n\t<meta name=\"twitter:data1\" content=\"1 min\u00fata\" \/>\n<script type=\"application\/ld+json\" class=\"yoast-schema-graph\">{\"@context\":\"https:\/\/schema.org\",\"@graph\":[{\"@type\":\"WebPage\",\"@id\":\"https:\/\/belovedlingerie.com\/sk\/izdelek\/bezsvova-podprsenka-amanda-cierna\/\",\"url\":\"https:\/\/belovedlingerie.com\/sk\/izdelek\/bezsvova-podprsenka-amanda-cierna\/\",\"name\":\"Bez\u0161vov\u00e1 podprsenka AMANDA \u010dierna - Beloved Lingerie\",\"isPartOf\":{\"@id\":\"https:\/\/belovedlingerie.com\/sk\/#website\"},\"primaryImageOfPage\":{\"@id\":\"https:\/\/belovedlingerie.com\/sk\/izdelek\/bezsvova-podprsenka-amanda-cierna\/#primaryimage\"},\"image\":{\"@id\":\"https:\/\/belovedlingerie.com\/sk\/izdelek\/bezsvova-podprsenka-amanda-cierna\/#primaryimage\"},\"thumbnailUrl\":\"https:\/\/belovedlingerie.com\/sk\/wp-content\/uploads\/2024\/09\/Brezsivni-nedrcek-AMANDA-crn-7-scaled-2.jpg\",\"datePublished\":\"2024-09-17T07:32:04+00:00\",\"dateModified\":\"2026-05-04T09:50:59+00:00\",\"breadcrumb\":{\"@id\":\"https:\/\/belovedlingerie.com\/sk\/izdelek\/bezsvova-podprsenka-amanda-cierna\/#breadcrumb\"},\"inLanguage\":\"sk-SK\",\"potentialAction\":[{\"@type\":\"ReadAction\",\"target\":[\"https:\/\/belovedlingerie.com\/sk\/izdelek\/bezsvova-podprsenka-amanda-cierna\/\"]}]},{\"@type\":\"ImageObject\",\"inLanguage\":\"sk-SK\",\"@id\":\"https:\/\/belovedlingerie.com\/sk\/izdelek\/bezsvova-podprsenka-amanda-cierna\/#primaryimage\",\"url\":\"https:\/\/belovedlingerie.com\/sk\/wp-content\/uploads\/2024\/09\/Brezsivni-nedrcek-AMANDA-crn-7-scaled-2.jpg\",\"contentUrl\":\"https:\/\/belovedlingerie.com\/sk\/wp-content\/uploads\/2024\/09\/Brezsivni-nedrcek-AMANDA-crn-7-scaled-2.jpg\",\"width\":1707,\"height\":2560},{\"@type\":\"BreadcrumbList\",\"@id\":\"https:\/\/belovedlingerie.com\/sk\/izdelek\/bezsvova-podprsenka-amanda-cierna\/#breadcrumb\",\"itemListElement\":[{\"@type\":\"ListItem\",\"position\":1,\"name\":\"Home\",\"item\":\"https:\/\/belovedlingerie.com\/sk\/\"},{\"@type\":\"ListItem\",\"position\":2,\"name\":\"Shop\",\"item\":\"https:\/\/belovedlingerie.com\/sk\/shop\/\"},{\"@type\":\"ListItem\",\"position\":3,\"name\":\"Bez\u0161vov\u00e1 podprsenka AMANDA \u010dierna\"}]},{\"@type\":\"WebSite\",\"@id\":\"https:\/\/belovedlingerie.com\/sk\/#website\",\"url\":\"https:\/\/belovedlingerie.com\/sk\/\",\"name\":\"Beloved Lingerie\",\"description\":\"Your beloved fashion store!\",\"potentialAction\":[{\"@type\":\"SearchAction\",\"target\":{\"@type\":\"EntryPoint\",\"urlTemplate\":\"https:\/\/belovedlingerie.com\/sk\/?s={search_term_string}\"},\"query-input\":{\"@type\":\"PropertyValueSpecification\",\"valueRequired\":true,\"valueName\":\"search_term_string\"}}],\"inLanguage\":\"sk-SK\"}]}<\/script>\n<!-- \/ Yoast SEO plugin. -->","yoast_head_json":{"title":"Bez\u0161vov\u00e1 podprsenka AMANDA \u010dierna - Beloved Lingerie","robots":{"index":"index","follow":"follow","max-snippet":"max-snippet:-1","max-image-preview":"max-image-preview:large","max-video-preview":"max-video-preview:-1"},"canonical":"https:\/\/belovedlingerie.com\/sk\/izdelek\/bezsvova-podprsenka-amanda-cierna\/","og_locale":"sk_SK","og_type":"article","og_title":"Bez\u0161vov\u00e1 podprsenka AMANDA \u010dierna - Beloved Lingerie","og_description":"Bez\u0161vov\u00e1 podprsenka z pohodln\u00fdch materi\u00e1lov. Preto\u017ee neobsahuje podporn\u00fd dr\u00f4t, je pohodln\u00e1 na ka\u017edodenn\u00e9 nosenie a nevidite\u013en\u00e1 pod oble\u010den\u00edm. Pohodln\u00e1 a elegantn\u00e1. Nastavite\u013en\u00e9 ramienka. Ramienka je mo\u017en\u00e9 odopn\u00fa\u0165. Mo\u017enos\u0165 regul\u00e1cie obvodu podprsenky a p\u00e1su pomocou h\u00e1\u010dikov. Polstrovan\u00e9 vypch\u00e1vky. Zap\u00ednanie na h\u00e1\u010diky. Farba: \u010dierna. Vyroben\u00e9 z m\u00e4kk\u00fdch, k poko\u017eke \u0161etrn\u00fdch materi\u00e1lov. Modelka nos\u00ed konfek\u010dn\u00fa ve\u013ekos\u0165 M. Farby [...]","og_url":"https:\/\/belovedlingerie.com\/sk\/izdelek\/bezsvova-podprsenka-amanda-cierna\/","og_site_name":"Beloved Lingerie","article_modified_time":"2026-05-04T09:50:59+00:00","og_image":[{"width":1707,"height":2560,"url":"https:\/\/belovedlingerie.com\/sk\/wp-content\/uploads\/2024\/09\/Brezsivni-nedrcek-AMANDA-crn-7-scaled-2.jpg","type":"image\/jpeg"}],"twitter_card":"summary_large_image","twitter_misc":{"Predpokladan\u00fd \u010das \u010d\u00edtania":"1 min\u00fata"},"schema":{"@context":"https:\/\/schema.org","@graph":[{"@type":"WebPage","@id":"https:\/\/belovedlingerie.com\/sk\/izdelek\/bezsvova-podprsenka-amanda-cierna\/","url":"https:\/\/belovedlingerie.com\/sk\/izdelek\/bezsvova-podprsenka-amanda-cierna\/","name":"Bez\u0161vov\u00e1 podprsenka AMANDA \u010dierna - Beloved Lingerie","isPartOf":{"@id":"https:\/\/belovedlingerie.com\/sk\/#website"},"primaryImageOfPage":{"@id":"https:\/\/belovedlingerie.com\/sk\/izdelek\/bezsvova-podprsenka-amanda-cierna\/#primaryimage"},"image":{"@id":"https:\/\/belovedlingerie.com\/sk\/izdelek\/bezsvova-podprsenka-amanda-cierna\/#primaryimage"},"thumbnailUrl":"https:\/\/belovedlingerie.com\/sk\/wp-content\/uploads\/2024\/09\/Brezsivni-nedrcek-AMANDA-crn-7-scaled-2.jpg","datePublished":"2024-09-17T07:32:04+00:00","dateModified":"2026-05-04T09:50:59+00:00","breadcrumb":{"@id":"https:\/\/belovedlingerie.com\/sk\/izdelek\/bezsvova-podprsenka-amanda-cierna\/#breadcrumb"},"inLanguage":"sk-SK","potentialAction":[{"@type":"ReadAction","target":["https:\/\/belovedlingerie.com\/sk\/izdelek\/bezsvova-podprsenka-amanda-cierna\/"]}]},{"@type":"ImageObject","inLanguage":"sk-SK","@id":"https:\/\/belovedlingerie.com\/sk\/izdelek\/bezsvova-podprsenka-amanda-cierna\/#primaryimage","url":"https:\/\/belovedlingerie.com\/sk\/wp-content\/uploads\/2024\/09\/Brezsivni-nedrcek-AMANDA-crn-7-scaled-2.jpg","contentUrl":"https:\/\/belovedlingerie.com\/sk\/wp-content\/uploads\/2024\/09\/Brezsivni-nedrcek-AMANDA-crn-7-scaled-2.jpg","width":1707,"height":2560},{"@type":"BreadcrumbList","@id":"https:\/\/belovedlingerie.com\/sk\/izdelek\/bezsvova-podprsenka-amanda-cierna\/#breadcrumb","itemListElement":[{"@type":"ListItem","position":1,"name":"Home","item":"https:\/\/belovedlingerie.com\/sk\/"},{"@type":"ListItem","position":2,"name":"Shop","item":"https:\/\/belovedlingerie.com\/sk\/shop\/"},{"@type":"ListItem","position":3,"name":"Bez\u0161vov\u00e1 podprsenka AMANDA \u010dierna"}]},{"@type":"WebSite","@id":"https:\/\/belovedlingerie.com\/sk\/#website","url":"https:\/\/belovedlingerie.com\/sk\/","name":"Beloved Lingerie","description":"Your beloved fashion store!","potentialAction":[{"@type":"SearchAction","target":{"@type":"EntryPoint","urlTemplate":"https:\/\/belovedlingerie.com\/sk\/?s={search_term_string}"},"query-input":{"@type":"PropertyValueSpecification","valueRequired":true,"valueName":"search_term_string"}}],"inLanguage":"sk-SK"}]}},"_links":{"self":[{"href":"https:\/\/belovedlingerie.com\/sk\/wp-json\/wp\/v2\/product\/10064098","targetHints":{"allow":["GET"]}}],"collection":[{"href":"https:\/\/belovedlingerie.com\/sk\/wp-json\/wp\/v2\/product"}],"about":[{"href":"https:\/\/belovedlingerie.com\/sk\/wp-json\/wp\/v2\/types\/product"}],"replies":[{"embeddable":true,"href":"https:\/\/belovedlingerie.com\/sk\/wp-json\/wp\/v2\/comments?post=10064098"}],"wp:featuredmedia":[{"embeddable":true,"href":"https:\/\/belovedlingerie.com\/sk\/wp-json\/wp\/v2\/media\/10064099"}],"wp:attachment":[{"href":"https:\/\/belovedlingerie.com\/sk\/wp-json\/wp\/v2\/media?parent=10064098"}],"wp:term":[{"taxonomy":"product_brand","embeddable":true,"href":"https:\/\/belovedlingerie.com\/sk\/wp-json\/wp\/v2\/product_brand?post=10064098"},{"taxonomy":"product_cat","embeddable":true,"href":"https:\/\/belovedlingerie.com\/sk\/wp-json\/wp\/v2\/product_cat?post=10064098"},{"taxonomy":"product_tag","embeddable":true,"href":"https:\/\/belovedlingerie.com\/sk\/wp-json\/wp\/v2\/product_tag?post=10064098"}],"curies":[{"name":"wp","href":"https:\/\/api.w.org\/{rel}","templated":true}]}}