{"id":10064502,"date":"2024-09-17T09:32:05","date_gmt":"2024-09-17T07:32:05","guid":{"rendered":"https:\/\/belovedlingerie.com\/sk\/?post_type=product&#038;p=10064502"},"modified":"2026-01-12T10:07:23","modified_gmt":"2026-01-12T09:07:23","slug":"shapewear-body-leo-bezovy","status":"publish","type":"product","link":"https:\/\/belovedlingerie.com\/sk\/izdelek\/shapewear-body-leo-bezovy\/","title":{"rendered":"Shapewear body LEO b\u00e9\u017eov\u00e1"},"content":{"rendered":"<ul>\n<li class=\"uspikona\">Mimoriadne m\u00e4kk\u00fd materi\u00e1l, pr\u00edjemn\u00fd na dotyk.<\/li>\n<li class=\"uspikona\">Extr\u00e9mne pru\u017en\u00fd a ve\u013emi odoln\u00fd materi\u00e1l.<\/li>\n<li class=\"uspikona\">\u0160peci\u00e1lne pletenie pre podporu a tvarovanie p\u0155s.<\/li>\n<li class=\"uspikona\">Nastavite\u013en\u00e9 ramienka.<\/li>\n<li class=\"uspikona\">Tvaruje brucho.<\/li>\n<li>Typ nohavi\u010diek: tanga.<\/li>\n<li>Farba: b\u00e9\u017eov\u00e1<\/li>\n<li class=\"uspikona\">Zap\u00ednanie na druky v rozkroku.<\/li>\n<li>Modelka nos\u00ed konfek\u010dn\u00fa ve\u013ekos\u0165 S.<\/li>\n<li>Farby spodnej bielizne na obr\u00e1zkoch sa m\u00f4\u017eu mierne l\u00ed\u0161i\u0165 od skuto\u010dn\u00fdch farieb, kv\u00f4li nastaveniu telef\u00f3nu alebo po\u010d\u00edta\u010da.<\/li>\n<li>Zlo\u017eenie: 85% polyamid, 15% elastan.<\/li>\n<\/ul>\n","protected":false},"excerpt":{"rendered":"<p>Mimoriadne m\u00e4kk\u00fd materi\u00e1l, pr\u00edjemn\u00fd na dotyk. Extr\u00e9mne pru\u017en\u00fd a ve\u013emi odoln\u00fd materi\u00e1l. \u0160peci\u00e1lne pletenie pre podporu a tvarovanie p\u0155s. Nastavite\u013en\u00e9 ramienka. Tvaruje brucho. Typ nohavi\u010diek: tanga. Farba: b\u00e9\u017eov\u00e1 Zap\u00ednanie na druky v rozkroku. Modelka nos\u00ed konfek\u010dn\u00fa ve\u013ekos\u0165 S. Farby spodnej bielizne na obr\u00e1zkoch sa m\u00f4\u017eu mierne l\u00ed\u0161i\u0165 od skuto\u010dn\u00fdch farieb, kv\u00f4li nastaveniu telef\u00f3nu alebo po\u010d\u00edta\u010da. [&#8230;]\n","protected":false},"featured_media":10064503,"comment_status":"open","ping_status":"closed","template":"","meta":{"_acf_changed":false},"product_brand":[],"product_cat":[232],"product_tag":[],"class_list":{"0":"post-10064502","1":"product","2":"type-product","3":"status-publish","4":"has-post-thumbnail","6":"product_cat-spodna-bielizen-na-tvarovanie-postavy","8":"first","9":"instock","10":"taxable","11":"shipping-taxable","12":"purchasable","13":"product-type-variable"},"bundled_by":[],"bundle_stock_status":"instock","bundle_stock_quantity":null,"bundle_virtual":false,"bundle_layout":"","bundle_add_to_cart_form_location":"","bundle_editable_in_cart":false,"bundle_sold_individually_context":"","bundle_item_grouping":"","bundle_min_size":"","bundle_max_size":"","bundle_price":[],"bundled_items":[],"bundle_sell_ids":[],"acf":[],"yoast_head":"<!-- This site is optimized with the Yoast SEO plugin v24.3 - https:\/\/yoast.com\/wordpress\/plugins\/seo\/ -->\n<title>Shapewear body LEO b\u00e9\u017eov\u00e1 - Beloved Lingerie<\/title>\n<meta name=\"robots\" content=\"index, follow, max-snippet:-1, max-image-preview:large, max-video-preview:-1\" \/>\n<link rel=\"canonical\" href=\"https:\/\/belovedlingerie.com\/sk\/izdelek\/shapewear-body-leo-bezovy\/\" \/>\n<meta property=\"og:locale\" content=\"sk_SK\" \/>\n<meta property=\"og:type\" content=\"article\" \/>\n<meta property=\"og:title\" content=\"Shapewear body LEO b\u00e9\u017eov\u00e1 - Beloved Lingerie\" \/>\n<meta property=\"og:description\" content=\"Mimoriadne m\u00e4kk\u00fd materi\u00e1l, pr\u00edjemn\u00fd na dotyk. Extr\u00e9mne pru\u017en\u00fd a ve\u013emi odoln\u00fd materi\u00e1l. \u0160peci\u00e1lne pletenie pre podporu a tvarovanie p\u0155s. Nastavite\u013en\u00e9 ramienka. Tvaruje brucho. Typ nohavi\u010diek: tanga. Farba: b\u00e9\u017eov\u00e1 Zap\u00ednanie na druky v rozkroku. Modelka nos\u00ed konfek\u010dn\u00fa ve\u013ekos\u0165 S. Farby spodnej bielizne na obr\u00e1zkoch sa m\u00f4\u017eu mierne l\u00ed\u0161i\u0165 od skuto\u010dn\u00fdch farieb, kv\u00f4li nastaveniu telef\u00f3nu alebo po\u010d\u00edta\u010da. [...]\" \/>\n<meta property=\"og:url\" content=\"https:\/\/belovedlingerie.com\/sk\/izdelek\/shapewear-body-leo-bezovy\/\" \/>\n<meta property=\"og:site_name\" content=\"Beloved Lingerie\" \/>\n<meta property=\"article:modified_time\" content=\"2026-01-12T09:07:23+00:00\" \/>\n<meta property=\"og:image\" content=\"https:\/\/belovedlingerie.com\/sk\/wp-content\/uploads\/2024\/09\/Shapewear-bodi-LEO-bez-1-scaled-3.jpg\" \/>\n\t<meta property=\"og:image:width\" content=\"1707\" \/>\n\t<meta property=\"og:image:height\" content=\"2560\" \/>\n\t<meta property=\"og:image:type\" content=\"image\/jpeg\" \/>\n<meta name=\"twitter:card\" content=\"summary_large_image\" \/>\n<meta name=\"twitter:label1\" content=\"Predpokladan\u00fd \u010das \u010d\u00edtania\" \/>\n\t<meta name=\"twitter:data1\" content=\"1 min\u00fata\" \/>\n<script type=\"application\/ld+json\" class=\"yoast-schema-graph\">{\"@context\":\"https:\/\/schema.org\",\"@graph\":[{\"@type\":\"WebPage\",\"@id\":\"https:\/\/belovedlingerie.com\/sk\/izdelek\/shapewear-body-leo-bezovy\/\",\"url\":\"https:\/\/belovedlingerie.com\/sk\/izdelek\/shapewear-body-leo-bezovy\/\",\"name\":\"Shapewear body LEO b\u00e9\u017eov\u00e1 - Beloved Lingerie\",\"isPartOf\":{\"@id\":\"https:\/\/belovedlingerie.com\/sk\/#website\"},\"primaryImageOfPage\":{\"@id\":\"https:\/\/belovedlingerie.com\/sk\/izdelek\/shapewear-body-leo-bezovy\/#primaryimage\"},\"image\":{\"@id\":\"https:\/\/belovedlingerie.com\/sk\/izdelek\/shapewear-body-leo-bezovy\/#primaryimage\"},\"thumbnailUrl\":\"https:\/\/belovedlingerie.com\/sk\/wp-content\/uploads\/2024\/09\/Shapewear-bodi-LEO-bez-1-scaled-3.jpg\",\"datePublished\":\"2024-09-17T07:32:05+00:00\",\"dateModified\":\"2026-01-12T09:07:23+00:00\",\"breadcrumb\":{\"@id\":\"https:\/\/belovedlingerie.com\/sk\/izdelek\/shapewear-body-leo-bezovy\/#breadcrumb\"},\"inLanguage\":\"sk-SK\",\"potentialAction\":[{\"@type\":\"ReadAction\",\"target\":[\"https:\/\/belovedlingerie.com\/sk\/izdelek\/shapewear-body-leo-bezovy\/\"]}]},{\"@type\":\"ImageObject\",\"inLanguage\":\"sk-SK\",\"@id\":\"https:\/\/belovedlingerie.com\/sk\/izdelek\/shapewear-body-leo-bezovy\/#primaryimage\",\"url\":\"https:\/\/belovedlingerie.com\/sk\/wp-content\/uploads\/2024\/09\/Shapewear-bodi-LEO-bez-1-scaled-3.jpg\",\"contentUrl\":\"https:\/\/belovedlingerie.com\/sk\/wp-content\/uploads\/2024\/09\/Shapewear-bodi-LEO-bez-1-scaled-3.jpg\",\"width\":1707,\"height\":2560},{\"@type\":\"BreadcrumbList\",\"@id\":\"https:\/\/belovedlingerie.com\/sk\/izdelek\/shapewear-body-leo-bezovy\/#breadcrumb\",\"itemListElement\":[{\"@type\":\"ListItem\",\"position\":1,\"name\":\"Home\",\"item\":\"https:\/\/belovedlingerie.com\/sk\/\"},{\"@type\":\"ListItem\",\"position\":2,\"name\":\"Shop\",\"item\":\"https:\/\/belovedlingerie.com\/sk\/shop\/\"},{\"@type\":\"ListItem\",\"position\":3,\"name\":\"Shapewear body LEO b\u00e9\u017eov\u00e1\"}]},{\"@type\":\"WebSite\",\"@id\":\"https:\/\/belovedlingerie.com\/sk\/#website\",\"url\":\"https:\/\/belovedlingerie.com\/sk\/\",\"name\":\"Beloved Lingerie\",\"description\":\"Your beloved fashion store!\",\"potentialAction\":[{\"@type\":\"SearchAction\",\"target\":{\"@type\":\"EntryPoint\",\"urlTemplate\":\"https:\/\/belovedlingerie.com\/sk\/?s={search_term_string}\"},\"query-input\":{\"@type\":\"PropertyValueSpecification\",\"valueRequired\":true,\"valueName\":\"search_term_string\"}}],\"inLanguage\":\"sk-SK\"}]}<\/script>\n<!-- \/ Yoast SEO plugin. -->","yoast_head_json":{"title":"Shapewear body LEO b\u00e9\u017eov\u00e1 - Beloved Lingerie","robots":{"index":"index","follow":"follow","max-snippet":"max-snippet:-1","max-image-preview":"max-image-preview:large","max-video-preview":"max-video-preview:-1"},"canonical":"https:\/\/belovedlingerie.com\/sk\/izdelek\/shapewear-body-leo-bezovy\/","og_locale":"sk_SK","og_type":"article","og_title":"Shapewear body LEO b\u00e9\u017eov\u00e1 - Beloved Lingerie","og_description":"Mimoriadne m\u00e4kk\u00fd materi\u00e1l, pr\u00edjemn\u00fd na dotyk. Extr\u00e9mne pru\u017en\u00fd a ve\u013emi odoln\u00fd materi\u00e1l. \u0160peci\u00e1lne pletenie pre podporu a tvarovanie p\u0155s. Nastavite\u013en\u00e9 ramienka. Tvaruje brucho. Typ nohavi\u010diek: tanga. Farba: b\u00e9\u017eov\u00e1 Zap\u00ednanie na druky v rozkroku. Modelka nos\u00ed konfek\u010dn\u00fa ve\u013ekos\u0165 S. Farby spodnej bielizne na obr\u00e1zkoch sa m\u00f4\u017eu mierne l\u00ed\u0161i\u0165 od skuto\u010dn\u00fdch farieb, kv\u00f4li nastaveniu telef\u00f3nu alebo po\u010d\u00edta\u010da. [...]","og_url":"https:\/\/belovedlingerie.com\/sk\/izdelek\/shapewear-body-leo-bezovy\/","og_site_name":"Beloved Lingerie","article_modified_time":"2026-01-12T09:07:23+00:00","og_image":[{"width":1707,"height":2560,"url":"https:\/\/belovedlingerie.com\/sk\/wp-content\/uploads\/2024\/09\/Shapewear-bodi-LEO-bez-1-scaled-3.jpg","type":"image\/jpeg"}],"twitter_card":"summary_large_image","twitter_misc":{"Predpokladan\u00fd \u010das \u010d\u00edtania":"1 min\u00fata"},"schema":{"@context":"https:\/\/schema.org","@graph":[{"@type":"WebPage","@id":"https:\/\/belovedlingerie.com\/sk\/izdelek\/shapewear-body-leo-bezovy\/","url":"https:\/\/belovedlingerie.com\/sk\/izdelek\/shapewear-body-leo-bezovy\/","name":"Shapewear body LEO b\u00e9\u017eov\u00e1 - Beloved Lingerie","isPartOf":{"@id":"https:\/\/belovedlingerie.com\/sk\/#website"},"primaryImageOfPage":{"@id":"https:\/\/belovedlingerie.com\/sk\/izdelek\/shapewear-body-leo-bezovy\/#primaryimage"},"image":{"@id":"https:\/\/belovedlingerie.com\/sk\/izdelek\/shapewear-body-leo-bezovy\/#primaryimage"},"thumbnailUrl":"https:\/\/belovedlingerie.com\/sk\/wp-content\/uploads\/2024\/09\/Shapewear-bodi-LEO-bez-1-scaled-3.jpg","datePublished":"2024-09-17T07:32:05+00:00","dateModified":"2026-01-12T09:07:23+00:00","breadcrumb":{"@id":"https:\/\/belovedlingerie.com\/sk\/izdelek\/shapewear-body-leo-bezovy\/#breadcrumb"},"inLanguage":"sk-SK","potentialAction":[{"@type":"ReadAction","target":["https:\/\/belovedlingerie.com\/sk\/izdelek\/shapewear-body-leo-bezovy\/"]}]},{"@type":"ImageObject","inLanguage":"sk-SK","@id":"https:\/\/belovedlingerie.com\/sk\/izdelek\/shapewear-body-leo-bezovy\/#primaryimage","url":"https:\/\/belovedlingerie.com\/sk\/wp-content\/uploads\/2024\/09\/Shapewear-bodi-LEO-bez-1-scaled-3.jpg","contentUrl":"https:\/\/belovedlingerie.com\/sk\/wp-content\/uploads\/2024\/09\/Shapewear-bodi-LEO-bez-1-scaled-3.jpg","width":1707,"height":2560},{"@type":"BreadcrumbList","@id":"https:\/\/belovedlingerie.com\/sk\/izdelek\/shapewear-body-leo-bezovy\/#breadcrumb","itemListElement":[{"@type":"ListItem","position":1,"name":"Home","item":"https:\/\/belovedlingerie.com\/sk\/"},{"@type":"ListItem","position":2,"name":"Shop","item":"https:\/\/belovedlingerie.com\/sk\/shop\/"},{"@type":"ListItem","position":3,"name":"Shapewear body LEO b\u00e9\u017eov\u00e1"}]},{"@type":"WebSite","@id":"https:\/\/belovedlingerie.com\/sk\/#website","url":"https:\/\/belovedlingerie.com\/sk\/","name":"Beloved Lingerie","description":"Your beloved fashion store!","potentialAction":[{"@type":"SearchAction","target":{"@type":"EntryPoint","urlTemplate":"https:\/\/belovedlingerie.com\/sk\/?s={search_term_string}"},"query-input":{"@type":"PropertyValueSpecification","valueRequired":true,"valueName":"search_term_string"}}],"inLanguage":"sk-SK"}]}},"_links":{"self":[{"href":"https:\/\/belovedlingerie.com\/sk\/wp-json\/wp\/v2\/product\/10064502","targetHints":{"allow":["GET"]}}],"collection":[{"href":"https:\/\/belovedlingerie.com\/sk\/wp-json\/wp\/v2\/product"}],"about":[{"href":"https:\/\/belovedlingerie.com\/sk\/wp-json\/wp\/v2\/types\/product"}],"replies":[{"embeddable":true,"href":"https:\/\/belovedlingerie.com\/sk\/wp-json\/wp\/v2\/comments?post=10064502"}],"wp:featuredmedia":[{"embeddable":true,"href":"https:\/\/belovedlingerie.com\/sk\/wp-json\/wp\/v2\/media\/10064503"}],"wp:attachment":[{"href":"https:\/\/belovedlingerie.com\/sk\/wp-json\/wp\/v2\/media?parent=10064502"}],"wp:term":[{"taxonomy":"product_brand","embeddable":true,"href":"https:\/\/belovedlingerie.com\/sk\/wp-json\/wp\/v2\/product_brand?post=10064502"},{"taxonomy":"product_cat","embeddable":true,"href":"https:\/\/belovedlingerie.com\/sk\/wp-json\/wp\/v2\/product_cat?post=10064502"},{"taxonomy":"product_tag","embeddable":true,"href":"https:\/\/belovedlingerie.com\/sk\/wp-json\/wp\/v2\/product_tag?post=10064502"}],"curies":[{"name":"wp","href":"https:\/\/api.w.org\/{rel}","templated":true}]}}