{"id":10064731,"date":"2024-09-17T09:32:07","date_gmt":"2024-09-17T07:32:07","guid":{"rendered":"https:\/\/belovedlingerie.com\/sk\/?post_type=product&#038;p=10064731"},"modified":"2025-09-24T13:40:51","modified_gmt":"2025-09-24T11:40:51","slug":"shapewear-kalhotky-hourglass-cerne","status":"publish","type":"product","link":"https:\/\/belovedlingerie.com\/sk\/izdelek\/shapewear-kalhotky-hourglass-cerne\/","title":{"rendered":"Shapewear nohavice HOURGLASS \u010dierne"},"content":{"rendered":"<ul>\n<li class=\"uspikona\">Hodv\u00e1bne m\u00e4kk\u00fd materi\u00e1l, pr\u00edjemn\u00fd na dotyk<\/li>\n<li class=\"uspikona\">Extr\u00e9mne pru\u017en\u00fd a ve\u013emi odoln\u00fd materi\u00e1l<\/li>\n<li class=\"uspikona\">Vysok\u00fd p\u00e1s<\/li>\n<li class=\"uspikona\">Tvaruje brucho a p\u00e1s.<\/li>\n<li>Farba: \u010dierna.<\/li>\n<li>Typ nohavi\u010diek: tanga.<\/li>\n<li class=\"uspikona\">Silik\u00f3nov\u00fd p\u00e1sik na vn\u00fatornej strane zabra\u0148uje rolovaniu<\/li>\n<li class=\"uspikona\">Cielen\u00e1 kompresia pre \u0161t\u00edhlu \u017eensk\u00fa siluetu.<\/li>\n<li>Modelka nos\u00ed konfek\u010dn\u00fa ve\u013ekos\u0165 S.<\/li>\n<li>Farby spodnej bielizne na obr\u00e1zkoch sa m\u00f4\u017eu mierne l\u00ed\u0161i\u0165 od skuto\u010dn\u00fdch farieb, kv\u00f4li nastaveniu telef\u00f3nu alebo po\u010d\u00edta\u010da.<\/li>\n<li>Zlo\u017eenie: 90% polyester, 10% spandex.<\/li>\n<\/ul>\n","protected":false},"excerpt":{"rendered":"<p>Hodv\u00e1bne m\u00e4kk\u00fd materi\u00e1l, pr\u00edjemn\u00fd na dotyk Extr\u00e9mne pru\u017en\u00fd a ve\u013emi odoln\u00fd materi\u00e1l Vysok\u00fd p\u00e1s Tvaruje brucho a p\u00e1s. Farba: \u010dierna. Typ nohavi\u010diek: tanga. Silik\u00f3nov\u00fd p\u00e1sik na vn\u00fatornej strane zabra\u0148uje rolovaniu Cielen\u00e1 kompresia pre \u0161t\u00edhlu \u017eensk\u00fa siluetu. Modelka nos\u00ed konfek\u010dn\u00fa ve\u013ekos\u0165 S. Farby spodnej bielizne na obr\u00e1zkoch sa m\u00f4\u017eu mierne l\u00ed\u0161i\u0165 od skuto\u010dn\u00fdch farieb, kv\u00f4li nastaveniu [&#8230;]\n","protected":false},"featured_media":10064732,"comment_status":"open","ping_status":"closed","template":"","meta":{"_acf_changed":false},"product_brand":[],"product_cat":[232],"product_tag":[],"class_list":{"0":"post-10064731","1":"product","2":"type-product","3":"status-publish","4":"has-post-thumbnail","6":"product_cat-spodna-bielizen-na-tvarovanie-postavy","8":"first","9":"instock","10":"taxable","11":"shipping-taxable","12":"purchasable","13":"product-type-variable"},"bundled_by":[],"bundle_stock_status":"instock","bundle_stock_quantity":null,"bundle_virtual":false,"bundle_layout":"","bundle_add_to_cart_form_location":"","bundle_editable_in_cart":false,"bundle_sold_individually_context":"","bundle_item_grouping":"","bundle_min_size":"","bundle_max_size":"","bundle_price":[],"bundled_items":[],"bundle_sell_ids":[],"acf":[],"yoast_head":"<!-- This site is optimized with the Yoast SEO plugin v24.3 - https:\/\/yoast.com\/wordpress\/plugins\/seo\/ -->\n<title>Shapewear nohavice HOURGLASS \u010dierne - Beloved Lingerie<\/title>\n<meta name=\"robots\" content=\"index, follow, max-snippet:-1, max-image-preview:large, max-video-preview:-1\" \/>\n<link rel=\"canonical\" href=\"https:\/\/belovedlingerie.com\/sk\/izdelek\/shapewear-kalhotky-hourglass-cerne\/\" \/>\n<meta property=\"og:locale\" content=\"sk_SK\" \/>\n<meta property=\"og:type\" content=\"article\" \/>\n<meta property=\"og:title\" content=\"Shapewear nohavice HOURGLASS \u010dierne - Beloved Lingerie\" \/>\n<meta property=\"og:description\" content=\"Hodv\u00e1bne m\u00e4kk\u00fd materi\u00e1l, pr\u00edjemn\u00fd na dotyk Extr\u00e9mne pru\u017en\u00fd a ve\u013emi odoln\u00fd materi\u00e1l Vysok\u00fd p\u00e1s Tvaruje brucho a p\u00e1s. Farba: \u010dierna. Typ nohavi\u010diek: tanga. Silik\u00f3nov\u00fd p\u00e1sik na vn\u00fatornej strane zabra\u0148uje rolovaniu Cielen\u00e1 kompresia pre \u0161t\u00edhlu \u017eensk\u00fa siluetu. Modelka nos\u00ed konfek\u010dn\u00fa ve\u013ekos\u0165 S. Farby spodnej bielizne na obr\u00e1zkoch sa m\u00f4\u017eu mierne l\u00ed\u0161i\u0165 od skuto\u010dn\u00fdch farieb, kv\u00f4li nastaveniu [...]\" \/>\n<meta property=\"og:url\" content=\"https:\/\/belovedlingerie.com\/sk\/izdelek\/shapewear-kalhotky-hourglass-cerne\/\" \/>\n<meta property=\"og:site_name\" content=\"Beloved Lingerie\" \/>\n<meta property=\"article:modified_time\" content=\"2025-09-24T11:40:51+00:00\" \/>\n<meta property=\"og:image\" content=\"https:\/\/belovedlingerie.com\/sk\/wp-content\/uploads\/2024\/09\/Shapewear-hlacke-HOURGLASS-crne-4-scaled-4.jpg\" \/>\n\t<meta property=\"og:image:width\" content=\"1707\" \/>\n\t<meta property=\"og:image:height\" content=\"2560\" \/>\n\t<meta property=\"og:image:type\" content=\"image\/jpeg\" \/>\n<meta name=\"twitter:card\" content=\"summary_large_image\" \/>\n<meta name=\"twitter:label1\" content=\"Predpokladan\u00fd \u010das \u010d\u00edtania\" \/>\n\t<meta name=\"twitter:data1\" content=\"1 min\u00fata\" \/>\n<script type=\"application\/ld+json\" class=\"yoast-schema-graph\">{\"@context\":\"https:\/\/schema.org\",\"@graph\":[{\"@type\":\"WebPage\",\"@id\":\"https:\/\/belovedlingerie.com\/sk\/izdelek\/shapewear-kalhotky-hourglass-cerne\/\",\"url\":\"https:\/\/belovedlingerie.com\/sk\/izdelek\/shapewear-kalhotky-hourglass-cerne\/\",\"name\":\"Shapewear nohavice HOURGLASS \u010dierne - Beloved Lingerie\",\"isPartOf\":{\"@id\":\"https:\/\/belovedlingerie.com\/sk\/#website\"},\"primaryImageOfPage\":{\"@id\":\"https:\/\/belovedlingerie.com\/sk\/izdelek\/shapewear-kalhotky-hourglass-cerne\/#primaryimage\"},\"image\":{\"@id\":\"https:\/\/belovedlingerie.com\/sk\/izdelek\/shapewear-kalhotky-hourglass-cerne\/#primaryimage\"},\"thumbnailUrl\":\"https:\/\/belovedlingerie.com\/sk\/wp-content\/uploads\/2024\/09\/Shapewear-hlacke-HOURGLASS-crne-4-scaled-4.jpg\",\"datePublished\":\"2024-09-17T07:32:07+00:00\",\"dateModified\":\"2025-09-24T11:40:51+00:00\",\"breadcrumb\":{\"@id\":\"https:\/\/belovedlingerie.com\/sk\/izdelek\/shapewear-kalhotky-hourglass-cerne\/#breadcrumb\"},\"inLanguage\":\"sk-SK\",\"potentialAction\":[{\"@type\":\"ReadAction\",\"target\":[\"https:\/\/belovedlingerie.com\/sk\/izdelek\/shapewear-kalhotky-hourglass-cerne\/\"]}]},{\"@type\":\"ImageObject\",\"inLanguage\":\"sk-SK\",\"@id\":\"https:\/\/belovedlingerie.com\/sk\/izdelek\/shapewear-kalhotky-hourglass-cerne\/#primaryimage\",\"url\":\"https:\/\/belovedlingerie.com\/sk\/wp-content\/uploads\/2024\/09\/Shapewear-hlacke-HOURGLASS-crne-4-scaled-4.jpg\",\"contentUrl\":\"https:\/\/belovedlingerie.com\/sk\/wp-content\/uploads\/2024\/09\/Shapewear-hlacke-HOURGLASS-crne-4-scaled-4.jpg\",\"width\":1707,\"height\":2560},{\"@type\":\"BreadcrumbList\",\"@id\":\"https:\/\/belovedlingerie.com\/sk\/izdelek\/shapewear-kalhotky-hourglass-cerne\/#breadcrumb\",\"itemListElement\":[{\"@type\":\"ListItem\",\"position\":1,\"name\":\"Home\",\"item\":\"https:\/\/belovedlingerie.com\/sk\/\"},{\"@type\":\"ListItem\",\"position\":2,\"name\":\"Shop\",\"item\":\"https:\/\/belovedlingerie.com\/sk\/shop\/\"},{\"@type\":\"ListItem\",\"position\":3,\"name\":\"Shapewear nohavice HOURGLASS \u010dierne\"}]},{\"@type\":\"WebSite\",\"@id\":\"https:\/\/belovedlingerie.com\/sk\/#website\",\"url\":\"https:\/\/belovedlingerie.com\/sk\/\",\"name\":\"Beloved Lingerie\",\"description\":\"Your beloved fashion store!\",\"potentialAction\":[{\"@type\":\"SearchAction\",\"target\":{\"@type\":\"EntryPoint\",\"urlTemplate\":\"https:\/\/belovedlingerie.com\/sk\/?s={search_term_string}\"},\"query-input\":{\"@type\":\"PropertyValueSpecification\",\"valueRequired\":true,\"valueName\":\"search_term_string\"}}],\"inLanguage\":\"sk-SK\"}]}<\/script>\n<!-- \/ Yoast SEO plugin. -->","yoast_head_json":{"title":"Shapewear nohavice HOURGLASS \u010dierne - Beloved Lingerie","robots":{"index":"index","follow":"follow","max-snippet":"max-snippet:-1","max-image-preview":"max-image-preview:large","max-video-preview":"max-video-preview:-1"},"canonical":"https:\/\/belovedlingerie.com\/sk\/izdelek\/shapewear-kalhotky-hourglass-cerne\/","og_locale":"sk_SK","og_type":"article","og_title":"Shapewear nohavice HOURGLASS \u010dierne - Beloved Lingerie","og_description":"Hodv\u00e1bne m\u00e4kk\u00fd materi\u00e1l, pr\u00edjemn\u00fd na dotyk Extr\u00e9mne pru\u017en\u00fd a ve\u013emi odoln\u00fd materi\u00e1l Vysok\u00fd p\u00e1s Tvaruje brucho a p\u00e1s. Farba: \u010dierna. Typ nohavi\u010diek: tanga. Silik\u00f3nov\u00fd p\u00e1sik na vn\u00fatornej strane zabra\u0148uje rolovaniu Cielen\u00e1 kompresia pre \u0161t\u00edhlu \u017eensk\u00fa siluetu. Modelka nos\u00ed konfek\u010dn\u00fa ve\u013ekos\u0165 S. Farby spodnej bielizne na obr\u00e1zkoch sa m\u00f4\u017eu mierne l\u00ed\u0161i\u0165 od skuto\u010dn\u00fdch farieb, kv\u00f4li nastaveniu [...]","og_url":"https:\/\/belovedlingerie.com\/sk\/izdelek\/shapewear-kalhotky-hourglass-cerne\/","og_site_name":"Beloved Lingerie","article_modified_time":"2025-09-24T11:40:51+00:00","og_image":[{"width":1707,"height":2560,"url":"https:\/\/belovedlingerie.com\/sk\/wp-content\/uploads\/2024\/09\/Shapewear-hlacke-HOURGLASS-crne-4-scaled-4.jpg","type":"image\/jpeg"}],"twitter_card":"summary_large_image","twitter_misc":{"Predpokladan\u00fd \u010das \u010d\u00edtania":"1 min\u00fata"},"schema":{"@context":"https:\/\/schema.org","@graph":[{"@type":"WebPage","@id":"https:\/\/belovedlingerie.com\/sk\/izdelek\/shapewear-kalhotky-hourglass-cerne\/","url":"https:\/\/belovedlingerie.com\/sk\/izdelek\/shapewear-kalhotky-hourglass-cerne\/","name":"Shapewear nohavice HOURGLASS \u010dierne - Beloved Lingerie","isPartOf":{"@id":"https:\/\/belovedlingerie.com\/sk\/#website"},"primaryImageOfPage":{"@id":"https:\/\/belovedlingerie.com\/sk\/izdelek\/shapewear-kalhotky-hourglass-cerne\/#primaryimage"},"image":{"@id":"https:\/\/belovedlingerie.com\/sk\/izdelek\/shapewear-kalhotky-hourglass-cerne\/#primaryimage"},"thumbnailUrl":"https:\/\/belovedlingerie.com\/sk\/wp-content\/uploads\/2024\/09\/Shapewear-hlacke-HOURGLASS-crne-4-scaled-4.jpg","datePublished":"2024-09-17T07:32:07+00:00","dateModified":"2025-09-24T11:40:51+00:00","breadcrumb":{"@id":"https:\/\/belovedlingerie.com\/sk\/izdelek\/shapewear-kalhotky-hourglass-cerne\/#breadcrumb"},"inLanguage":"sk-SK","potentialAction":[{"@type":"ReadAction","target":["https:\/\/belovedlingerie.com\/sk\/izdelek\/shapewear-kalhotky-hourglass-cerne\/"]}]},{"@type":"ImageObject","inLanguage":"sk-SK","@id":"https:\/\/belovedlingerie.com\/sk\/izdelek\/shapewear-kalhotky-hourglass-cerne\/#primaryimage","url":"https:\/\/belovedlingerie.com\/sk\/wp-content\/uploads\/2024\/09\/Shapewear-hlacke-HOURGLASS-crne-4-scaled-4.jpg","contentUrl":"https:\/\/belovedlingerie.com\/sk\/wp-content\/uploads\/2024\/09\/Shapewear-hlacke-HOURGLASS-crne-4-scaled-4.jpg","width":1707,"height":2560},{"@type":"BreadcrumbList","@id":"https:\/\/belovedlingerie.com\/sk\/izdelek\/shapewear-kalhotky-hourglass-cerne\/#breadcrumb","itemListElement":[{"@type":"ListItem","position":1,"name":"Home","item":"https:\/\/belovedlingerie.com\/sk\/"},{"@type":"ListItem","position":2,"name":"Shop","item":"https:\/\/belovedlingerie.com\/sk\/shop\/"},{"@type":"ListItem","position":3,"name":"Shapewear nohavice HOURGLASS \u010dierne"}]},{"@type":"WebSite","@id":"https:\/\/belovedlingerie.com\/sk\/#website","url":"https:\/\/belovedlingerie.com\/sk\/","name":"Beloved Lingerie","description":"Your beloved fashion store!","potentialAction":[{"@type":"SearchAction","target":{"@type":"EntryPoint","urlTemplate":"https:\/\/belovedlingerie.com\/sk\/?s={search_term_string}"},"query-input":{"@type":"PropertyValueSpecification","valueRequired":true,"valueName":"search_term_string"}}],"inLanguage":"sk-SK"}]}},"_links":{"self":[{"href":"https:\/\/belovedlingerie.com\/sk\/wp-json\/wp\/v2\/product\/10064731","targetHints":{"allow":["GET"]}}],"collection":[{"href":"https:\/\/belovedlingerie.com\/sk\/wp-json\/wp\/v2\/product"}],"about":[{"href":"https:\/\/belovedlingerie.com\/sk\/wp-json\/wp\/v2\/types\/product"}],"replies":[{"embeddable":true,"href":"https:\/\/belovedlingerie.com\/sk\/wp-json\/wp\/v2\/comments?post=10064731"}],"wp:featuredmedia":[{"embeddable":true,"href":"https:\/\/belovedlingerie.com\/sk\/wp-json\/wp\/v2\/media\/10064732"}],"wp:attachment":[{"href":"https:\/\/belovedlingerie.com\/sk\/wp-json\/wp\/v2\/media?parent=10064731"}],"wp:term":[{"taxonomy":"product_brand","embeddable":true,"href":"https:\/\/belovedlingerie.com\/sk\/wp-json\/wp\/v2\/product_brand?post=10064731"},{"taxonomy":"product_cat","embeddable":true,"href":"https:\/\/belovedlingerie.com\/sk\/wp-json\/wp\/v2\/product_cat?post=10064731"},{"taxonomy":"product_tag","embeddable":true,"href":"https:\/\/belovedlingerie.com\/sk\/wp-json\/wp\/v2\/product_tag?post=10064731"}],"curies":[{"name":"wp","href":"https:\/\/api.w.org\/{rel}","templated":true}]}}