{"id":10064784,"date":"2024-09-17T09:32:08","date_gmt":"2024-09-17T07:32:08","guid":{"rendered":"https:\/\/belovedlingerie.com\/sk\/?post_type=product&#038;p=10064784"},"modified":"2026-03-25T20:54:03","modified_gmt":"2026-03-25T19:54:03","slug":"bezsvove-nohavicky-hearty-camel","status":"publish","type":"product","link":"https:\/\/belovedlingerie.com\/sk\/izdelek\/bezsvove-nohavicky-hearty-camel\/","title":{"rendered":"Bez\u0161vov\u00e9 nohavi\u010dky HEARTY camel"},"content":{"rendered":"<ul>\n<li dir=\"auto\">Bez\u0161vov\u00e1 spodn\u00e1 bielize\u0148 z pohodln\u00fdch materi\u00e1lov.<\/li>\n<li dir=\"auto\"><span class=\"Y2IQFc\" lang=\"sl\">Pohodln\u00e9 na ka\u017edodenn\u00e9 nosenie a nevidite\u013en\u00e9 pod oble\u010den\u00edm.<\/span><\/li>\n<li><span class=\"Y2IQFc\" lang=\"sl\">Vyroben\u00e9 z m\u00e4kk\u00fdch, k poko\u017eke \u0161etrn\u00fdch materi\u00e1lov.<\/span><\/li>\n<li>Typ nohavi\u010diek: tanga.<\/li>\n<li>Dekorat\u00edvne srdie\u010dka.<\/li>\n<li>Farba: camel.<\/li>\n<li>Modelka nos\u00ed konfek\u010dn\u00fa ve\u013ekos\u0165 S.<\/li>\n<li>Farby spodnej bielizne na obr\u00e1zkoch sa m\u00f4\u017eu mierne l\u00ed\u0161i\u0165 od skuto\u010dn\u00fdch farieb kv\u00f4li nastaveniu telef\u00f3nu alebo po\u010d\u00edta\u010da.<\/li>\n<li>Zlo\u017eenie: 85% polyamid, 15% elastan.<\/li>\n<\/ul>\n","protected":false},"excerpt":{"rendered":"<p>Bez\u0161vov\u00e1 spodn\u00e1 bielize\u0148 z pohodln\u00fdch materi\u00e1lov. Pohodln\u00e9 na ka\u017edodenn\u00e9 nosenie a nevidite\u013en\u00e9 pod oble\u010den\u00edm. Vyroben\u00e9 z m\u00e4kk\u00fdch, k poko\u017eke \u0161etrn\u00fdch materi\u00e1lov. Typ nohavi\u010diek: tanga. Dekorat\u00edvne srdie\u010dka. Farba: camel. Modelka nos\u00ed konfek\u010dn\u00fa ve\u013ekos\u0165 S. Farby spodnej bielizne na obr\u00e1zkoch sa m\u00f4\u017eu mierne l\u00ed\u0161i\u0165 od skuto\u010dn\u00fdch farieb kv\u00f4li nastaveniu telef\u00f3nu alebo po\u010d\u00edta\u010da. Zlo\u017eenie: 85% polyamid, 15% elastan.<\/p>\n","protected":false},"featured_media":10064785,"comment_status":"open","ping_status":"closed","template":"","meta":{"_acf_changed":false},"product_brand":[],"product_cat":[198,227,204],"product_tag":[],"class_list":{"0":"post-10064784","1":"product","2":"type-product","3":"status-publish","4":"has-post-thumbnail","6":"product_cat-back-to-basics","7":"product_cat-bezesve-spodni-pradlo","8":"product_cat-nohavicky","10":"first","11":"instock","12":"taxable","13":"shipping-taxable","14":"purchasable","15":"product-type-variable"},"bundled_by":[],"bundle_stock_status":"instock","bundle_stock_quantity":null,"bundle_virtual":false,"bundle_layout":"","bundle_add_to_cart_form_location":"","bundle_editable_in_cart":false,"bundle_sold_individually_context":"","bundle_item_grouping":"","bundle_min_size":"","bundle_max_size":"","bundle_price":[],"bundled_items":[],"bundle_sell_ids":[],"acf":[],"yoast_head":"<!-- This site is optimized with the Yoast SEO plugin v24.3 - https:\/\/yoast.com\/wordpress\/plugins\/seo\/ -->\n<title>Bez\u0161vov\u00e9 nohavi\u010dky HEARTY camel - Beloved Lingerie<\/title>\n<meta name=\"robots\" content=\"index, follow, max-snippet:-1, max-image-preview:large, max-video-preview:-1\" \/>\n<link rel=\"canonical\" href=\"https:\/\/belovedlingerie.com\/sk\/izdelek\/bezsvove-nohavicky-hearty-camel\/\" \/>\n<meta property=\"og:locale\" content=\"sk_SK\" \/>\n<meta property=\"og:type\" content=\"article\" \/>\n<meta property=\"og:title\" content=\"Bez\u0161vov\u00e9 nohavi\u010dky HEARTY camel - Beloved Lingerie\" \/>\n<meta property=\"og:description\" content=\"Bez\u0161vov\u00e1 spodn\u00e1 bielize\u0148 z pohodln\u00fdch materi\u00e1lov. Pohodln\u00e9 na ka\u017edodenn\u00e9 nosenie a nevidite\u013en\u00e9 pod oble\u010den\u00edm. Vyroben\u00e9 z m\u00e4kk\u00fdch, k poko\u017eke \u0161etrn\u00fdch materi\u00e1lov. Typ nohavi\u010diek: tanga. Dekorat\u00edvne srdie\u010dka. Farba: camel. Modelka nos\u00ed konfek\u010dn\u00fa ve\u013ekos\u0165 S. Farby spodnej bielizne na obr\u00e1zkoch sa m\u00f4\u017eu mierne l\u00ed\u0161i\u0165 od skuto\u010dn\u00fdch farieb kv\u00f4li nastaveniu telef\u00f3nu alebo po\u010d\u00edta\u010da. Zlo\u017eenie: 85% polyamid, 15% elastan.\" \/>\n<meta property=\"og:url\" content=\"https:\/\/belovedlingerie.com\/sk\/izdelek\/bezsvove-nohavicky-hearty-camel\/\" \/>\n<meta property=\"og:site_name\" content=\"Beloved Lingerie\" \/>\n<meta property=\"article:modified_time\" content=\"2026-03-25T19:54:03+00:00\" \/>\n<meta property=\"og:image\" content=\"https:\/\/belovedlingerie.com\/sk\/wp-content\/uploads\/2024\/09\/Brezsivne-spodnje-hlacke-HEARTY-camel-2-scaled-1.jpg\" \/>\n\t<meta property=\"og:image:width\" content=\"1707\" \/>\n\t<meta property=\"og:image:height\" content=\"2560\" \/>\n\t<meta property=\"og:image:type\" content=\"image\/jpeg\" \/>\n<meta name=\"twitter:card\" content=\"summary_large_image\" \/>\n<meta name=\"twitter:label1\" content=\"Predpokladan\u00fd \u010das \u010d\u00edtania\" \/>\n\t<meta name=\"twitter:data1\" content=\"1 min\u00fata\" \/>\n<script type=\"application\/ld+json\" class=\"yoast-schema-graph\">{\"@context\":\"https:\/\/schema.org\",\"@graph\":[{\"@type\":\"WebPage\",\"@id\":\"https:\/\/belovedlingerie.com\/sk\/izdelek\/bezsvove-nohavicky-hearty-camel\/\",\"url\":\"https:\/\/belovedlingerie.com\/sk\/izdelek\/bezsvove-nohavicky-hearty-camel\/\",\"name\":\"Bez\u0161vov\u00e9 nohavi\u010dky HEARTY camel - Beloved Lingerie\",\"isPartOf\":{\"@id\":\"https:\/\/belovedlingerie.com\/sk\/#website\"},\"primaryImageOfPage\":{\"@id\":\"https:\/\/belovedlingerie.com\/sk\/izdelek\/bezsvove-nohavicky-hearty-camel\/#primaryimage\"},\"image\":{\"@id\":\"https:\/\/belovedlingerie.com\/sk\/izdelek\/bezsvove-nohavicky-hearty-camel\/#primaryimage\"},\"thumbnailUrl\":\"https:\/\/belovedlingerie.com\/sk\/wp-content\/uploads\/2024\/09\/Brezsivne-spodnje-hlacke-HEARTY-camel-2-scaled-1.jpg\",\"datePublished\":\"2024-09-17T07:32:08+00:00\",\"dateModified\":\"2026-03-25T19:54:03+00:00\",\"breadcrumb\":{\"@id\":\"https:\/\/belovedlingerie.com\/sk\/izdelek\/bezsvove-nohavicky-hearty-camel\/#breadcrumb\"},\"inLanguage\":\"sk-SK\",\"potentialAction\":[{\"@type\":\"ReadAction\",\"target\":[\"https:\/\/belovedlingerie.com\/sk\/izdelek\/bezsvove-nohavicky-hearty-camel\/\"]}]},{\"@type\":\"ImageObject\",\"inLanguage\":\"sk-SK\",\"@id\":\"https:\/\/belovedlingerie.com\/sk\/izdelek\/bezsvove-nohavicky-hearty-camel\/#primaryimage\",\"url\":\"https:\/\/belovedlingerie.com\/sk\/wp-content\/uploads\/2024\/09\/Brezsivne-spodnje-hlacke-HEARTY-camel-2-scaled-1.jpg\",\"contentUrl\":\"https:\/\/belovedlingerie.com\/sk\/wp-content\/uploads\/2024\/09\/Brezsivne-spodnje-hlacke-HEARTY-camel-2-scaled-1.jpg\",\"width\":1707,\"height\":2560},{\"@type\":\"BreadcrumbList\",\"@id\":\"https:\/\/belovedlingerie.com\/sk\/izdelek\/bezsvove-nohavicky-hearty-camel\/#breadcrumb\",\"itemListElement\":[{\"@type\":\"ListItem\",\"position\":1,\"name\":\"Home\",\"item\":\"https:\/\/belovedlingerie.com\/sk\/\"},{\"@type\":\"ListItem\",\"position\":2,\"name\":\"Shop\",\"item\":\"https:\/\/belovedlingerie.com\/sk\/shop\/\"},{\"@type\":\"ListItem\",\"position\":3,\"name\":\"Bez\u0161vov\u00e9 nohavi\u010dky HEARTY camel\"}]},{\"@type\":\"WebSite\",\"@id\":\"https:\/\/belovedlingerie.com\/sk\/#website\",\"url\":\"https:\/\/belovedlingerie.com\/sk\/\",\"name\":\"Beloved Lingerie\",\"description\":\"Your beloved fashion store!\",\"potentialAction\":[{\"@type\":\"SearchAction\",\"target\":{\"@type\":\"EntryPoint\",\"urlTemplate\":\"https:\/\/belovedlingerie.com\/sk\/?s={search_term_string}\"},\"query-input\":{\"@type\":\"PropertyValueSpecification\",\"valueRequired\":true,\"valueName\":\"search_term_string\"}}],\"inLanguage\":\"sk-SK\"}]}<\/script>\n<!-- \/ Yoast SEO plugin. -->","yoast_head_json":{"title":"Bez\u0161vov\u00e9 nohavi\u010dky HEARTY camel - Beloved Lingerie","robots":{"index":"index","follow":"follow","max-snippet":"max-snippet:-1","max-image-preview":"max-image-preview:large","max-video-preview":"max-video-preview:-1"},"canonical":"https:\/\/belovedlingerie.com\/sk\/izdelek\/bezsvove-nohavicky-hearty-camel\/","og_locale":"sk_SK","og_type":"article","og_title":"Bez\u0161vov\u00e9 nohavi\u010dky HEARTY camel - Beloved Lingerie","og_description":"Bez\u0161vov\u00e1 spodn\u00e1 bielize\u0148 z pohodln\u00fdch materi\u00e1lov. Pohodln\u00e9 na ka\u017edodenn\u00e9 nosenie a nevidite\u013en\u00e9 pod oble\u010den\u00edm. Vyroben\u00e9 z m\u00e4kk\u00fdch, k poko\u017eke \u0161etrn\u00fdch materi\u00e1lov. Typ nohavi\u010diek: tanga. Dekorat\u00edvne srdie\u010dka. Farba: camel. Modelka nos\u00ed konfek\u010dn\u00fa ve\u013ekos\u0165 S. Farby spodnej bielizne na obr\u00e1zkoch sa m\u00f4\u017eu mierne l\u00ed\u0161i\u0165 od skuto\u010dn\u00fdch farieb kv\u00f4li nastaveniu telef\u00f3nu alebo po\u010d\u00edta\u010da. Zlo\u017eenie: 85% polyamid, 15% elastan.","og_url":"https:\/\/belovedlingerie.com\/sk\/izdelek\/bezsvove-nohavicky-hearty-camel\/","og_site_name":"Beloved Lingerie","article_modified_time":"2026-03-25T19:54:03+00:00","og_image":[{"width":1707,"height":2560,"url":"https:\/\/belovedlingerie.com\/sk\/wp-content\/uploads\/2024\/09\/Brezsivne-spodnje-hlacke-HEARTY-camel-2-scaled-1.jpg","type":"image\/jpeg"}],"twitter_card":"summary_large_image","twitter_misc":{"Predpokladan\u00fd \u010das \u010d\u00edtania":"1 min\u00fata"},"schema":{"@context":"https:\/\/schema.org","@graph":[{"@type":"WebPage","@id":"https:\/\/belovedlingerie.com\/sk\/izdelek\/bezsvove-nohavicky-hearty-camel\/","url":"https:\/\/belovedlingerie.com\/sk\/izdelek\/bezsvove-nohavicky-hearty-camel\/","name":"Bez\u0161vov\u00e9 nohavi\u010dky HEARTY camel - Beloved Lingerie","isPartOf":{"@id":"https:\/\/belovedlingerie.com\/sk\/#website"},"primaryImageOfPage":{"@id":"https:\/\/belovedlingerie.com\/sk\/izdelek\/bezsvove-nohavicky-hearty-camel\/#primaryimage"},"image":{"@id":"https:\/\/belovedlingerie.com\/sk\/izdelek\/bezsvove-nohavicky-hearty-camel\/#primaryimage"},"thumbnailUrl":"https:\/\/belovedlingerie.com\/sk\/wp-content\/uploads\/2024\/09\/Brezsivne-spodnje-hlacke-HEARTY-camel-2-scaled-1.jpg","datePublished":"2024-09-17T07:32:08+00:00","dateModified":"2026-03-25T19:54:03+00:00","breadcrumb":{"@id":"https:\/\/belovedlingerie.com\/sk\/izdelek\/bezsvove-nohavicky-hearty-camel\/#breadcrumb"},"inLanguage":"sk-SK","potentialAction":[{"@type":"ReadAction","target":["https:\/\/belovedlingerie.com\/sk\/izdelek\/bezsvove-nohavicky-hearty-camel\/"]}]},{"@type":"ImageObject","inLanguage":"sk-SK","@id":"https:\/\/belovedlingerie.com\/sk\/izdelek\/bezsvove-nohavicky-hearty-camel\/#primaryimage","url":"https:\/\/belovedlingerie.com\/sk\/wp-content\/uploads\/2024\/09\/Brezsivne-spodnje-hlacke-HEARTY-camel-2-scaled-1.jpg","contentUrl":"https:\/\/belovedlingerie.com\/sk\/wp-content\/uploads\/2024\/09\/Brezsivne-spodnje-hlacke-HEARTY-camel-2-scaled-1.jpg","width":1707,"height":2560},{"@type":"BreadcrumbList","@id":"https:\/\/belovedlingerie.com\/sk\/izdelek\/bezsvove-nohavicky-hearty-camel\/#breadcrumb","itemListElement":[{"@type":"ListItem","position":1,"name":"Home","item":"https:\/\/belovedlingerie.com\/sk\/"},{"@type":"ListItem","position":2,"name":"Shop","item":"https:\/\/belovedlingerie.com\/sk\/shop\/"},{"@type":"ListItem","position":3,"name":"Bez\u0161vov\u00e9 nohavi\u010dky HEARTY camel"}]},{"@type":"WebSite","@id":"https:\/\/belovedlingerie.com\/sk\/#website","url":"https:\/\/belovedlingerie.com\/sk\/","name":"Beloved Lingerie","description":"Your beloved fashion store!","potentialAction":[{"@type":"SearchAction","target":{"@type":"EntryPoint","urlTemplate":"https:\/\/belovedlingerie.com\/sk\/?s={search_term_string}"},"query-input":{"@type":"PropertyValueSpecification","valueRequired":true,"valueName":"search_term_string"}}],"inLanguage":"sk-SK"}]}},"_links":{"self":[{"href":"https:\/\/belovedlingerie.com\/sk\/wp-json\/wp\/v2\/product\/10064784","targetHints":{"allow":["GET"]}}],"collection":[{"href":"https:\/\/belovedlingerie.com\/sk\/wp-json\/wp\/v2\/product"}],"about":[{"href":"https:\/\/belovedlingerie.com\/sk\/wp-json\/wp\/v2\/types\/product"}],"replies":[{"embeddable":true,"href":"https:\/\/belovedlingerie.com\/sk\/wp-json\/wp\/v2\/comments?post=10064784"}],"wp:featuredmedia":[{"embeddable":true,"href":"https:\/\/belovedlingerie.com\/sk\/wp-json\/wp\/v2\/media\/10064785"}],"wp:attachment":[{"href":"https:\/\/belovedlingerie.com\/sk\/wp-json\/wp\/v2\/media?parent=10064784"}],"wp:term":[{"taxonomy":"product_brand","embeddable":true,"href":"https:\/\/belovedlingerie.com\/sk\/wp-json\/wp\/v2\/product_brand?post=10064784"},{"taxonomy":"product_cat","embeddable":true,"href":"https:\/\/belovedlingerie.com\/sk\/wp-json\/wp\/v2\/product_cat?post=10064784"},{"taxonomy":"product_tag","embeddable":true,"href":"https:\/\/belovedlingerie.com\/sk\/wp-json\/wp\/v2\/product_tag?post=10064784"}],"curies":[{"name":"wp","href":"https:\/\/api.w.org\/{rel}","templated":true}]}}