{"id":10068553,"date":"2025-04-28T20:30:12","date_gmt":"2025-04-28T18:30:12","guid":{"rendered":"https:\/\/belovedlingerie.com\/sk\/izdelek\/dvodelne-kopalke-mojito-crne\/"},"modified":"2026-01-09T08:02:41","modified_gmt":"2026-01-09T07:02:41","slug":"dvojdielne-plavky-mojito-cierne","status":"publish","type":"product","link":"https:\/\/belovedlingerie.com\/sk\/izdelek\/dvojdielne-plavky-mojito-cierne\/","title":{"rendered":"Dvojdielne plavky MOJITO \u010dierne"},"content":{"rendered":"<ul>\n<li>Zv\u00e1dzav\u00e9 dvojdielne plavky s retiazkami.<\/li>\n<li>Rebrovan\u00fd materi\u00e1l.<\/li>\n<li>Zlo\u017eenie: 82% polyamid, 18% elastan.<\/li>\n<\/ul>\n","protected":false},"excerpt":{"rendered":"<p>Zv\u00e1dzav\u00e9 dvojdielne plavky s retiazkami. Rebrovan\u00fd materi\u00e1l. Zlo\u017eenie: 82% polyamid, 18% elastan.<\/p>\n","protected":false},"featured_media":10068735,"comment_status":"open","ping_status":"closed","template":"","meta":{"_acf_changed":false},"product_brand":[],"product_cat":[254,259],"product_tag":[],"class_list":{"0":"post-10068553","1":"product","2":"type-product","3":"status-publish","4":"has-post-thumbnail","6":"product_cat-plavky","7":"product_cat-tulum-kolekcia","9":"first","10":"instock","11":"taxable","12":"shipping-taxable","13":"purchasable","14":"product-type-variable"},"bundled_by":[],"bundle_stock_status":"instock","bundle_stock_quantity":null,"bundle_virtual":false,"bundle_layout":"","bundle_add_to_cart_form_location":"","bundle_editable_in_cart":false,"bundle_sold_individually_context":"","bundle_item_grouping":"","bundle_min_size":"","bundle_max_size":"","bundle_price":[],"bundled_items":[],"bundle_sell_ids":[],"acf":[],"yoast_head":"<!-- This site is optimized with the Yoast SEO plugin v24.3 - https:\/\/yoast.com\/wordpress\/plugins\/seo\/ -->\n<title>Dvojdielne plavky MOJITO \u010dierne - Beloved Lingerie<\/title>\n<meta name=\"robots\" content=\"index, follow, max-snippet:-1, max-image-preview:large, max-video-preview:-1\" \/>\n<link rel=\"canonical\" href=\"https:\/\/belovedlingerie.com\/sk\/izdelek\/dvojdielne-plavky-mojito-cierne\/\" \/>\n<meta property=\"og:locale\" content=\"sk_SK\" \/>\n<meta property=\"og:type\" content=\"article\" \/>\n<meta property=\"og:title\" content=\"Dvojdielne plavky MOJITO \u010dierne - Beloved Lingerie\" \/>\n<meta property=\"og:description\" content=\"Zv\u00e1dzav\u00e9 dvojdielne plavky s retiazkami. Rebrovan\u00fd materi\u00e1l. Zlo\u017eenie: 82% polyamid, 18% elastan.\" \/>\n<meta property=\"og:url\" content=\"https:\/\/belovedlingerie.com\/sk\/izdelek\/dvojdielne-plavky-mojito-cierne\/\" \/>\n<meta property=\"og:site_name\" content=\"Beloved Lingerie\" \/>\n<meta property=\"article:modified_time\" content=\"2026-01-09T07:02:41+00:00\" \/>\n<meta property=\"og:image\" content=\"https:\/\/belovedlingerie.com\/sk\/wp-content\/uploads\/2025\/04\/dvojdielne-plavky-29.jpg\" \/>\n\t<meta property=\"og:image:width\" content=\"1497\" \/>\n\t<meta property=\"og:image:height\" content=\"1865\" \/>\n\t<meta property=\"og:image:type\" content=\"image\/jpeg\" \/>\n<meta name=\"twitter:card\" content=\"summary_large_image\" \/>\n<meta name=\"twitter:label1\" content=\"Predpokladan\u00fd \u010das \u010d\u00edtania\" \/>\n\t<meta name=\"twitter:data1\" content=\"1 min\u00fata\" \/>\n<script type=\"application\/ld+json\" class=\"yoast-schema-graph\">{\"@context\":\"https:\/\/schema.org\",\"@graph\":[{\"@type\":\"WebPage\",\"@id\":\"https:\/\/belovedlingerie.com\/sk\/izdelek\/dvojdielne-plavky-mojito-cierne\/\",\"url\":\"https:\/\/belovedlingerie.com\/sk\/izdelek\/dvojdielne-plavky-mojito-cierne\/\",\"name\":\"Dvojdielne plavky MOJITO \u010dierne - Beloved Lingerie\",\"isPartOf\":{\"@id\":\"https:\/\/belovedlingerie.com\/sk\/#website\"},\"primaryImageOfPage\":{\"@id\":\"https:\/\/belovedlingerie.com\/sk\/izdelek\/dvojdielne-plavky-mojito-cierne\/#primaryimage\"},\"image\":{\"@id\":\"https:\/\/belovedlingerie.com\/sk\/izdelek\/dvojdielne-plavky-mojito-cierne\/#primaryimage\"},\"thumbnailUrl\":\"https:\/\/belovedlingerie.com\/sk\/wp-content\/uploads\/2025\/04\/dvojdielne-plavky-29.jpg\",\"datePublished\":\"2025-04-28T18:30:12+00:00\",\"dateModified\":\"2026-01-09T07:02:41+00:00\",\"breadcrumb\":{\"@id\":\"https:\/\/belovedlingerie.com\/sk\/izdelek\/dvojdielne-plavky-mojito-cierne\/#breadcrumb\"},\"inLanguage\":\"sk-SK\",\"potentialAction\":[{\"@type\":\"ReadAction\",\"target\":[\"https:\/\/belovedlingerie.com\/sk\/izdelek\/dvojdielne-plavky-mojito-cierne\/\"]}]},{\"@type\":\"ImageObject\",\"inLanguage\":\"sk-SK\",\"@id\":\"https:\/\/belovedlingerie.com\/sk\/izdelek\/dvojdielne-plavky-mojito-cierne\/#primaryimage\",\"url\":\"https:\/\/belovedlingerie.com\/sk\/wp-content\/uploads\/2025\/04\/dvojdielne-plavky-29.jpg\",\"contentUrl\":\"https:\/\/belovedlingerie.com\/sk\/wp-content\/uploads\/2025\/04\/dvojdielne-plavky-29.jpg\",\"width\":1497,\"height\":1865},{\"@type\":\"BreadcrumbList\",\"@id\":\"https:\/\/belovedlingerie.com\/sk\/izdelek\/dvojdielne-plavky-mojito-cierne\/#breadcrumb\",\"itemListElement\":[{\"@type\":\"ListItem\",\"position\":1,\"name\":\"Home\",\"item\":\"https:\/\/belovedlingerie.com\/sk\/\"},{\"@type\":\"ListItem\",\"position\":2,\"name\":\"Shop\",\"item\":\"https:\/\/belovedlingerie.com\/sk\/shop\/\"},{\"@type\":\"ListItem\",\"position\":3,\"name\":\"Dvojdielne plavky MOJITO \u010dierne\"}]},{\"@type\":\"WebSite\",\"@id\":\"https:\/\/belovedlingerie.com\/sk\/#website\",\"url\":\"https:\/\/belovedlingerie.com\/sk\/\",\"name\":\"Beloved Lingerie\",\"description\":\"Your beloved fashion store!\",\"potentialAction\":[{\"@type\":\"SearchAction\",\"target\":{\"@type\":\"EntryPoint\",\"urlTemplate\":\"https:\/\/belovedlingerie.com\/sk\/?s={search_term_string}\"},\"query-input\":{\"@type\":\"PropertyValueSpecification\",\"valueRequired\":true,\"valueName\":\"search_term_string\"}}],\"inLanguage\":\"sk-SK\"}]}<\/script>\n<!-- \/ Yoast SEO plugin. -->","yoast_head_json":{"title":"Dvojdielne plavky MOJITO \u010dierne - Beloved Lingerie","robots":{"index":"index","follow":"follow","max-snippet":"max-snippet:-1","max-image-preview":"max-image-preview:large","max-video-preview":"max-video-preview:-1"},"canonical":"https:\/\/belovedlingerie.com\/sk\/izdelek\/dvojdielne-plavky-mojito-cierne\/","og_locale":"sk_SK","og_type":"article","og_title":"Dvojdielne plavky MOJITO \u010dierne - Beloved Lingerie","og_description":"Zv\u00e1dzav\u00e9 dvojdielne plavky s retiazkami. Rebrovan\u00fd materi\u00e1l. Zlo\u017eenie: 82% polyamid, 18% elastan.","og_url":"https:\/\/belovedlingerie.com\/sk\/izdelek\/dvojdielne-plavky-mojito-cierne\/","og_site_name":"Beloved Lingerie","article_modified_time":"2026-01-09T07:02:41+00:00","og_image":[{"width":1497,"height":1865,"url":"https:\/\/belovedlingerie.com\/sk\/wp-content\/uploads\/2025\/04\/dvojdielne-plavky-29.jpg","type":"image\/jpeg"}],"twitter_card":"summary_large_image","twitter_misc":{"Predpokladan\u00fd \u010das \u010d\u00edtania":"1 min\u00fata"},"schema":{"@context":"https:\/\/schema.org","@graph":[{"@type":"WebPage","@id":"https:\/\/belovedlingerie.com\/sk\/izdelek\/dvojdielne-plavky-mojito-cierne\/","url":"https:\/\/belovedlingerie.com\/sk\/izdelek\/dvojdielne-plavky-mojito-cierne\/","name":"Dvojdielne plavky MOJITO \u010dierne - Beloved Lingerie","isPartOf":{"@id":"https:\/\/belovedlingerie.com\/sk\/#website"},"primaryImageOfPage":{"@id":"https:\/\/belovedlingerie.com\/sk\/izdelek\/dvojdielne-plavky-mojito-cierne\/#primaryimage"},"image":{"@id":"https:\/\/belovedlingerie.com\/sk\/izdelek\/dvojdielne-plavky-mojito-cierne\/#primaryimage"},"thumbnailUrl":"https:\/\/belovedlingerie.com\/sk\/wp-content\/uploads\/2025\/04\/dvojdielne-plavky-29.jpg","datePublished":"2025-04-28T18:30:12+00:00","dateModified":"2026-01-09T07:02:41+00:00","breadcrumb":{"@id":"https:\/\/belovedlingerie.com\/sk\/izdelek\/dvojdielne-plavky-mojito-cierne\/#breadcrumb"},"inLanguage":"sk-SK","potentialAction":[{"@type":"ReadAction","target":["https:\/\/belovedlingerie.com\/sk\/izdelek\/dvojdielne-plavky-mojito-cierne\/"]}]},{"@type":"ImageObject","inLanguage":"sk-SK","@id":"https:\/\/belovedlingerie.com\/sk\/izdelek\/dvojdielne-plavky-mojito-cierne\/#primaryimage","url":"https:\/\/belovedlingerie.com\/sk\/wp-content\/uploads\/2025\/04\/dvojdielne-plavky-29.jpg","contentUrl":"https:\/\/belovedlingerie.com\/sk\/wp-content\/uploads\/2025\/04\/dvojdielne-plavky-29.jpg","width":1497,"height":1865},{"@type":"BreadcrumbList","@id":"https:\/\/belovedlingerie.com\/sk\/izdelek\/dvojdielne-plavky-mojito-cierne\/#breadcrumb","itemListElement":[{"@type":"ListItem","position":1,"name":"Home","item":"https:\/\/belovedlingerie.com\/sk\/"},{"@type":"ListItem","position":2,"name":"Shop","item":"https:\/\/belovedlingerie.com\/sk\/shop\/"},{"@type":"ListItem","position":3,"name":"Dvojdielne plavky MOJITO \u010dierne"}]},{"@type":"WebSite","@id":"https:\/\/belovedlingerie.com\/sk\/#website","url":"https:\/\/belovedlingerie.com\/sk\/","name":"Beloved Lingerie","description":"Your beloved fashion store!","potentialAction":[{"@type":"SearchAction","target":{"@type":"EntryPoint","urlTemplate":"https:\/\/belovedlingerie.com\/sk\/?s={search_term_string}"},"query-input":{"@type":"PropertyValueSpecification","valueRequired":true,"valueName":"search_term_string"}}],"inLanguage":"sk-SK"}]}},"_links":{"self":[{"href":"https:\/\/belovedlingerie.com\/sk\/wp-json\/wp\/v2\/product\/10068553","targetHints":{"allow":["GET"]}}],"collection":[{"href":"https:\/\/belovedlingerie.com\/sk\/wp-json\/wp\/v2\/product"}],"about":[{"href":"https:\/\/belovedlingerie.com\/sk\/wp-json\/wp\/v2\/types\/product"}],"replies":[{"embeddable":true,"href":"https:\/\/belovedlingerie.com\/sk\/wp-json\/wp\/v2\/comments?post=10068553"}],"wp:featuredmedia":[{"embeddable":true,"href":"https:\/\/belovedlingerie.com\/sk\/wp-json\/wp\/v2\/media\/10068735"}],"wp:attachment":[{"href":"https:\/\/belovedlingerie.com\/sk\/wp-json\/wp\/v2\/media?parent=10068553"}],"wp:term":[{"taxonomy":"product_brand","embeddable":true,"href":"https:\/\/belovedlingerie.com\/sk\/wp-json\/wp\/v2\/product_brand?post=10068553"},{"taxonomy":"product_cat","embeddable":true,"href":"https:\/\/belovedlingerie.com\/sk\/wp-json\/wp\/v2\/product_cat?post=10068553"},{"taxonomy":"product_tag","embeddable":true,"href":"https:\/\/belovedlingerie.com\/sk\/wp-json\/wp\/v2\/product_tag?post=10068553"}],"curies":[{"name":"wp","href":"https:\/\/api.w.org\/{rel}","templated":true}]}}