{"id":10068608,"date":"2025-04-28T20:30:42","date_gmt":"2025-04-28T18:30:42","guid":{"rendered":"https:\/\/belovedlingerie.com\/sk\/izdelek\/dvodelne-kopalke-sunray\/"},"modified":"2026-02-13T09:23:32","modified_gmt":"2026-02-13T08:23:32","slug":"dvojdielne-plavky-sunray","status":"publish","type":"product","link":"https:\/\/belovedlingerie.com\/sk\/izdelek\/dvojdielne-plavky-sunray\/","title":{"rendered":"Dvojdielne plavky SUNRAY"},"content":{"rendered":"<ul>\n<li>M\u00f3dne dvojdielne plavky.<\/li>\n<li>Regul\u00e1cia so zav\u00e4zovan\u00edm.<\/li>\n<li>Sie\u0165ovan\u00fd vzh\u013ead plaviek.<\/li>\n<li>Vystu\u017een\u00e9 ko\u0161\u00ed\u010dky.<\/li>\n<li>Na ramienka.<\/li>\n<li>Zlo\u017eenie: 82% polyester, 18% elastan<\/li>\n<\/ul>\n","protected":false},"excerpt":{"rendered":"<p>M\u00f3dne dvojdielne plavky. Regul\u00e1cia so zav\u00e4zovan\u00edm. Sie\u0165ovan\u00fd vzh\u013ead plaviek. Vystu\u017een\u00e9 ko\u0161\u00ed\u010dky. Na ramienka. Zlo\u017eenie: 82% polyester, 18% elastan<\/p>\n","protected":false},"featured_media":10068809,"comment_status":"open","ping_status":"closed","template":"","meta":{"_acf_changed":false},"product_brand":[],"product_cat":[254,259],"product_tag":[],"class_list":{"0":"post-10068608","1":"product","2":"type-product","3":"status-publish","4":"has-post-thumbnail","6":"product_cat-plavky","7":"product_cat-tulum-kolekcia","9":"first","10":"instock","11":"taxable","12":"shipping-taxable","13":"purchasable","14":"product-type-variable"},"bundled_by":[],"bundle_stock_status":"instock","bundle_stock_quantity":null,"bundle_virtual":false,"bundle_layout":"","bundle_add_to_cart_form_location":"","bundle_editable_in_cart":false,"bundle_sold_individually_context":"","bundle_item_grouping":"","bundle_min_size":"","bundle_max_size":"","bundle_price":[],"bundled_items":[],"bundle_sell_ids":[],"acf":[],"yoast_head":"<!-- This site is optimized with the Yoast SEO plugin v24.3 - https:\/\/yoast.com\/wordpress\/plugins\/seo\/ -->\n<title>Dvojdielne plavky SUNRAY - Beloved Lingerie<\/title>\n<meta name=\"robots\" content=\"index, follow, max-snippet:-1, max-image-preview:large, max-video-preview:-1\" \/>\n<link rel=\"canonical\" href=\"https:\/\/belovedlingerie.com\/sk\/izdelek\/dvojdielne-plavky-sunray\/\" \/>\n<meta property=\"og:locale\" content=\"sk_SK\" \/>\n<meta property=\"og:type\" content=\"article\" \/>\n<meta property=\"og:title\" content=\"Dvojdielne plavky SUNRAY - Beloved Lingerie\" \/>\n<meta property=\"og:description\" content=\"M\u00f3dne dvojdielne plavky. Regul\u00e1cia so zav\u00e4zovan\u00edm. Sie\u0165ovan\u00fd vzh\u013ead plaviek. Vystu\u017een\u00e9 ko\u0161\u00ed\u010dky. Na ramienka. Zlo\u017eenie: 82% polyester, 18% elastan\" \/>\n<meta property=\"og:url\" content=\"https:\/\/belovedlingerie.com\/sk\/izdelek\/dvojdielne-plavky-sunray\/\" \/>\n<meta property=\"og:site_name\" content=\"Beloved Lingerie\" \/>\n<meta property=\"article:modified_time\" content=\"2026-02-13T08:23:32+00:00\" \/>\n<meta property=\"og:image\" content=\"https:\/\/belovedlingerie.com\/sk\/wp-content\/uploads\/2025\/04\/dvojdielne-plavky-103.jpg\" \/>\n\t<meta property=\"og:image:width\" content=\"1422\" \/>\n\t<meta property=\"og:image:height\" content=\"1767\" \/>\n\t<meta property=\"og:image:type\" content=\"image\/jpeg\" \/>\n<meta name=\"twitter:card\" content=\"summary_large_image\" \/>\n<meta name=\"twitter:label1\" content=\"Predpokladan\u00fd \u010das \u010d\u00edtania\" \/>\n\t<meta name=\"twitter:data1\" content=\"1 min\u00fata\" \/>\n<script type=\"application\/ld+json\" class=\"yoast-schema-graph\">{\"@context\":\"https:\/\/schema.org\",\"@graph\":[{\"@type\":\"WebPage\",\"@id\":\"https:\/\/belovedlingerie.com\/sk\/izdelek\/dvojdielne-plavky-sunray\/\",\"url\":\"https:\/\/belovedlingerie.com\/sk\/izdelek\/dvojdielne-plavky-sunray\/\",\"name\":\"Dvojdielne plavky SUNRAY - Beloved Lingerie\",\"isPartOf\":{\"@id\":\"https:\/\/belovedlingerie.com\/sk\/#website\"},\"primaryImageOfPage\":{\"@id\":\"https:\/\/belovedlingerie.com\/sk\/izdelek\/dvojdielne-plavky-sunray\/#primaryimage\"},\"image\":{\"@id\":\"https:\/\/belovedlingerie.com\/sk\/izdelek\/dvojdielne-plavky-sunray\/#primaryimage\"},\"thumbnailUrl\":\"https:\/\/belovedlingerie.com\/sk\/wp-content\/uploads\/2025\/04\/dvojdielne-plavky-103.jpg\",\"datePublished\":\"2025-04-28T18:30:42+00:00\",\"dateModified\":\"2026-02-13T08:23:32+00:00\",\"breadcrumb\":{\"@id\":\"https:\/\/belovedlingerie.com\/sk\/izdelek\/dvojdielne-plavky-sunray\/#breadcrumb\"},\"inLanguage\":\"sk-SK\",\"potentialAction\":[{\"@type\":\"ReadAction\",\"target\":[\"https:\/\/belovedlingerie.com\/sk\/izdelek\/dvojdielne-plavky-sunray\/\"]}]},{\"@type\":\"ImageObject\",\"inLanguage\":\"sk-SK\",\"@id\":\"https:\/\/belovedlingerie.com\/sk\/izdelek\/dvojdielne-plavky-sunray\/#primaryimage\",\"url\":\"https:\/\/belovedlingerie.com\/sk\/wp-content\/uploads\/2025\/04\/dvojdielne-plavky-103.jpg\",\"contentUrl\":\"https:\/\/belovedlingerie.com\/sk\/wp-content\/uploads\/2025\/04\/dvojdielne-plavky-103.jpg\",\"width\":1422,\"height\":1767},{\"@type\":\"BreadcrumbList\",\"@id\":\"https:\/\/belovedlingerie.com\/sk\/izdelek\/dvojdielne-plavky-sunray\/#breadcrumb\",\"itemListElement\":[{\"@type\":\"ListItem\",\"position\":1,\"name\":\"Home\",\"item\":\"https:\/\/belovedlingerie.com\/sk\/\"},{\"@type\":\"ListItem\",\"position\":2,\"name\":\"Shop\",\"item\":\"https:\/\/belovedlingerie.com\/sk\/shop\/\"},{\"@type\":\"ListItem\",\"position\":3,\"name\":\"Dvojdielne plavky SUNRAY\"}]},{\"@type\":\"WebSite\",\"@id\":\"https:\/\/belovedlingerie.com\/sk\/#website\",\"url\":\"https:\/\/belovedlingerie.com\/sk\/\",\"name\":\"Beloved Lingerie\",\"description\":\"Your beloved fashion store!\",\"potentialAction\":[{\"@type\":\"SearchAction\",\"target\":{\"@type\":\"EntryPoint\",\"urlTemplate\":\"https:\/\/belovedlingerie.com\/sk\/?s={search_term_string}\"},\"query-input\":{\"@type\":\"PropertyValueSpecification\",\"valueRequired\":true,\"valueName\":\"search_term_string\"}}],\"inLanguage\":\"sk-SK\"}]}<\/script>\n<!-- \/ Yoast SEO plugin. -->","yoast_head_json":{"title":"Dvojdielne plavky SUNRAY - Beloved Lingerie","robots":{"index":"index","follow":"follow","max-snippet":"max-snippet:-1","max-image-preview":"max-image-preview:large","max-video-preview":"max-video-preview:-1"},"canonical":"https:\/\/belovedlingerie.com\/sk\/izdelek\/dvojdielne-plavky-sunray\/","og_locale":"sk_SK","og_type":"article","og_title":"Dvojdielne plavky SUNRAY - Beloved Lingerie","og_description":"M\u00f3dne dvojdielne plavky. Regul\u00e1cia so zav\u00e4zovan\u00edm. Sie\u0165ovan\u00fd vzh\u013ead plaviek. Vystu\u017een\u00e9 ko\u0161\u00ed\u010dky. Na ramienka. Zlo\u017eenie: 82% polyester, 18% elastan","og_url":"https:\/\/belovedlingerie.com\/sk\/izdelek\/dvojdielne-plavky-sunray\/","og_site_name":"Beloved Lingerie","article_modified_time":"2026-02-13T08:23:32+00:00","og_image":[{"width":1422,"height":1767,"url":"https:\/\/belovedlingerie.com\/sk\/wp-content\/uploads\/2025\/04\/dvojdielne-plavky-103.jpg","type":"image\/jpeg"}],"twitter_card":"summary_large_image","twitter_misc":{"Predpokladan\u00fd \u010das \u010d\u00edtania":"1 min\u00fata"},"schema":{"@context":"https:\/\/schema.org","@graph":[{"@type":"WebPage","@id":"https:\/\/belovedlingerie.com\/sk\/izdelek\/dvojdielne-plavky-sunray\/","url":"https:\/\/belovedlingerie.com\/sk\/izdelek\/dvojdielne-plavky-sunray\/","name":"Dvojdielne plavky SUNRAY - Beloved Lingerie","isPartOf":{"@id":"https:\/\/belovedlingerie.com\/sk\/#website"},"primaryImageOfPage":{"@id":"https:\/\/belovedlingerie.com\/sk\/izdelek\/dvojdielne-plavky-sunray\/#primaryimage"},"image":{"@id":"https:\/\/belovedlingerie.com\/sk\/izdelek\/dvojdielne-plavky-sunray\/#primaryimage"},"thumbnailUrl":"https:\/\/belovedlingerie.com\/sk\/wp-content\/uploads\/2025\/04\/dvojdielne-plavky-103.jpg","datePublished":"2025-04-28T18:30:42+00:00","dateModified":"2026-02-13T08:23:32+00:00","breadcrumb":{"@id":"https:\/\/belovedlingerie.com\/sk\/izdelek\/dvojdielne-plavky-sunray\/#breadcrumb"},"inLanguage":"sk-SK","potentialAction":[{"@type":"ReadAction","target":["https:\/\/belovedlingerie.com\/sk\/izdelek\/dvojdielne-plavky-sunray\/"]}]},{"@type":"ImageObject","inLanguage":"sk-SK","@id":"https:\/\/belovedlingerie.com\/sk\/izdelek\/dvojdielne-plavky-sunray\/#primaryimage","url":"https:\/\/belovedlingerie.com\/sk\/wp-content\/uploads\/2025\/04\/dvojdielne-plavky-103.jpg","contentUrl":"https:\/\/belovedlingerie.com\/sk\/wp-content\/uploads\/2025\/04\/dvojdielne-plavky-103.jpg","width":1422,"height":1767},{"@type":"BreadcrumbList","@id":"https:\/\/belovedlingerie.com\/sk\/izdelek\/dvojdielne-plavky-sunray\/#breadcrumb","itemListElement":[{"@type":"ListItem","position":1,"name":"Home","item":"https:\/\/belovedlingerie.com\/sk\/"},{"@type":"ListItem","position":2,"name":"Shop","item":"https:\/\/belovedlingerie.com\/sk\/shop\/"},{"@type":"ListItem","position":3,"name":"Dvojdielne plavky SUNRAY"}]},{"@type":"WebSite","@id":"https:\/\/belovedlingerie.com\/sk\/#website","url":"https:\/\/belovedlingerie.com\/sk\/","name":"Beloved Lingerie","description":"Your beloved fashion store!","potentialAction":[{"@type":"SearchAction","target":{"@type":"EntryPoint","urlTemplate":"https:\/\/belovedlingerie.com\/sk\/?s={search_term_string}"},"query-input":{"@type":"PropertyValueSpecification","valueRequired":true,"valueName":"search_term_string"}}],"inLanguage":"sk-SK"}]}},"_links":{"self":[{"href":"https:\/\/belovedlingerie.com\/sk\/wp-json\/wp\/v2\/product\/10068608","targetHints":{"allow":["GET"]}}],"collection":[{"href":"https:\/\/belovedlingerie.com\/sk\/wp-json\/wp\/v2\/product"}],"about":[{"href":"https:\/\/belovedlingerie.com\/sk\/wp-json\/wp\/v2\/types\/product"}],"replies":[{"embeddable":true,"href":"https:\/\/belovedlingerie.com\/sk\/wp-json\/wp\/v2\/comments?post=10068608"}],"wp:featuredmedia":[{"embeddable":true,"href":"https:\/\/belovedlingerie.com\/sk\/wp-json\/wp\/v2\/media\/10068809"}],"wp:attachment":[{"href":"https:\/\/belovedlingerie.com\/sk\/wp-json\/wp\/v2\/media?parent=10068608"}],"wp:term":[{"taxonomy":"product_brand","embeddable":true,"href":"https:\/\/belovedlingerie.com\/sk\/wp-json\/wp\/v2\/product_brand?post=10068608"},{"taxonomy":"product_cat","embeddable":true,"href":"https:\/\/belovedlingerie.com\/sk\/wp-json\/wp\/v2\/product_cat?post=10068608"},{"taxonomy":"product_tag","embeddable":true,"href":"https:\/\/belovedlingerie.com\/sk\/wp-json\/wp\/v2\/product_tag?post=10068608"}],"curies":[{"name":"wp","href":"https:\/\/api.w.org\/{rel}","templated":true}]}}