{"id":10068678,"date":"2025-04-28T20:31:44","date_gmt":"2025-04-28T18:31:44","guid":{"rendered":"https:\/\/belovedlingerie.com\/sk\/izdelek\/dvodelne-kopalke-viva-la-vida-rose\/"},"modified":"2026-01-27T12:37:21","modified_gmt":"2026-01-27T11:37:21","slug":"dvojdielne-plavky-viva-la-vida-rose","status":"publish","type":"product","link":"https:\/\/belovedlingerie.com\/sk\/izdelek\/dvojdielne-plavky-viva-la-vida-rose\/","title":{"rendered":"Dvojdielne plavky VIVA LA VIDA rose"},"content":{"rendered":"<ul>\n<li>Atrakt\u00edvne a zvodn\u00e9 dvojdielne plavky.<\/li>\n<li>Nohavi\u010dky maj\u00fa \u0161n\u00farky na viazanie.<\/li>\n<li>Hladk\u00fd materi\u00e1l.<\/li>\n<li>Vystu\u017een\u00e9 ko\u0161\u00ed\u010dky, ktor\u00e9 sa daj\u00fa pod\u013ea potreby odstr\u00e1ni\u0165.<\/li>\n<li>Farba: rose.<\/li>\n<li>Zlo\u017eenie: 82% polyester, 18% spandex.<\/li>\n<\/ul>\n","protected":false},"excerpt":{"rendered":"<p>Atrakt\u00edvne a zvodn\u00e9 dvojdielne plavky. Nohavi\u010dky maj\u00fa \u0161n\u00farky na viazanie. Hladk\u00fd materi\u00e1l. Vystu\u017een\u00e9 ko\u0161\u00ed\u010dky, ktor\u00e9 sa daj\u00fa pod\u013ea potreby odstr\u00e1ni\u0165. Farba: rose. Zlo\u017eenie: 82% polyester, 18% spandex.<\/p>\n","protected":false},"featured_media":10068845,"comment_status":"open","ping_status":"closed","template":"","meta":{"_acf_changed":false},"product_brand":[],"product_cat":[254,259],"product_tag":[],"class_list":{"0":"post-10068678","1":"product","2":"type-product","3":"status-publish","4":"has-post-thumbnail","6":"product_cat-plavky","7":"product_cat-tulum-kolekcia","9":"first","10":"instock","11":"taxable","12":"shipping-taxable","13":"purchasable","14":"product-type-variable"},"bundled_by":[],"bundle_stock_status":"instock","bundle_stock_quantity":null,"bundle_virtual":false,"bundle_layout":"","bundle_add_to_cart_form_location":"","bundle_editable_in_cart":false,"bundle_sold_individually_context":"","bundle_item_grouping":"","bundle_min_size":"","bundle_max_size":"","bundle_price":[],"bundled_items":[],"bundle_sell_ids":[],"acf":[],"yoast_head":"<!-- This site is optimized with the Yoast SEO plugin v24.3 - https:\/\/yoast.com\/wordpress\/plugins\/seo\/ -->\n<title>Dvojdielne plavky VIVA LA VIDA rose - Beloved Lingerie<\/title>\n<meta name=\"robots\" content=\"index, follow, max-snippet:-1, max-image-preview:large, max-video-preview:-1\" \/>\n<link rel=\"canonical\" href=\"https:\/\/belovedlingerie.com\/sk\/izdelek\/dvojdielne-plavky-viva-la-vida-rose\/\" \/>\n<meta property=\"og:locale\" content=\"sk_SK\" \/>\n<meta property=\"og:type\" content=\"article\" \/>\n<meta property=\"og:title\" content=\"Dvojdielne plavky VIVA LA VIDA rose - Beloved Lingerie\" \/>\n<meta property=\"og:description\" content=\"Atrakt\u00edvne a zvodn\u00e9 dvojdielne plavky. Nohavi\u010dky maj\u00fa \u0161n\u00farky na viazanie. Hladk\u00fd materi\u00e1l. Vystu\u017een\u00e9 ko\u0161\u00ed\u010dky, ktor\u00e9 sa daj\u00fa pod\u013ea potreby odstr\u00e1ni\u0165. Farba: rose. Zlo\u017eenie: 82% polyester, 18% spandex.\" \/>\n<meta property=\"og:url\" content=\"https:\/\/belovedlingerie.com\/sk\/izdelek\/dvojdielne-plavky-viva-la-vida-rose\/\" \/>\n<meta property=\"og:site_name\" content=\"Beloved Lingerie\" \/>\n<meta property=\"article:modified_time\" content=\"2026-01-27T11:37:21+00:00\" \/>\n<meta property=\"og:image\" content=\"https:\/\/belovedlingerie.com\/sk\/wp-content\/uploads\/2025\/04\/dvojdielne-plavky-139.jpg\" \/>\n\t<meta property=\"og:image:width\" content=\"1478\" \/>\n\t<meta property=\"og:image:height\" content=\"2203\" \/>\n\t<meta property=\"og:image:type\" content=\"image\/jpeg\" \/>\n<meta name=\"twitter:card\" content=\"summary_large_image\" \/>\n<meta name=\"twitter:label1\" content=\"Predpokladan\u00fd \u010das \u010d\u00edtania\" \/>\n\t<meta name=\"twitter:data1\" content=\"1 min\u00fata\" \/>\n<script type=\"application\/ld+json\" class=\"yoast-schema-graph\">{\"@context\":\"https:\/\/schema.org\",\"@graph\":[{\"@type\":\"WebPage\",\"@id\":\"https:\/\/belovedlingerie.com\/sk\/izdelek\/dvojdielne-plavky-viva-la-vida-rose\/\",\"url\":\"https:\/\/belovedlingerie.com\/sk\/izdelek\/dvojdielne-plavky-viva-la-vida-rose\/\",\"name\":\"Dvojdielne plavky VIVA LA VIDA rose - Beloved Lingerie\",\"isPartOf\":{\"@id\":\"https:\/\/belovedlingerie.com\/sk\/#website\"},\"primaryImageOfPage\":{\"@id\":\"https:\/\/belovedlingerie.com\/sk\/izdelek\/dvojdielne-plavky-viva-la-vida-rose\/#primaryimage\"},\"image\":{\"@id\":\"https:\/\/belovedlingerie.com\/sk\/izdelek\/dvojdielne-plavky-viva-la-vida-rose\/#primaryimage\"},\"thumbnailUrl\":\"https:\/\/belovedlingerie.com\/sk\/wp-content\/uploads\/2025\/04\/dvojdielne-plavky-139.jpg\",\"datePublished\":\"2025-04-28T18:31:44+00:00\",\"dateModified\":\"2026-01-27T11:37:21+00:00\",\"breadcrumb\":{\"@id\":\"https:\/\/belovedlingerie.com\/sk\/izdelek\/dvojdielne-plavky-viva-la-vida-rose\/#breadcrumb\"},\"inLanguage\":\"sk-SK\",\"potentialAction\":[{\"@type\":\"ReadAction\",\"target\":[\"https:\/\/belovedlingerie.com\/sk\/izdelek\/dvojdielne-plavky-viva-la-vida-rose\/\"]}]},{\"@type\":\"ImageObject\",\"inLanguage\":\"sk-SK\",\"@id\":\"https:\/\/belovedlingerie.com\/sk\/izdelek\/dvojdielne-plavky-viva-la-vida-rose\/#primaryimage\",\"url\":\"https:\/\/belovedlingerie.com\/sk\/wp-content\/uploads\/2025\/04\/dvojdielne-plavky-139.jpg\",\"contentUrl\":\"https:\/\/belovedlingerie.com\/sk\/wp-content\/uploads\/2025\/04\/dvojdielne-plavky-139.jpg\",\"width\":1478,\"height\":2203},{\"@type\":\"BreadcrumbList\",\"@id\":\"https:\/\/belovedlingerie.com\/sk\/izdelek\/dvojdielne-plavky-viva-la-vida-rose\/#breadcrumb\",\"itemListElement\":[{\"@type\":\"ListItem\",\"position\":1,\"name\":\"Home\",\"item\":\"https:\/\/belovedlingerie.com\/sk\/\"},{\"@type\":\"ListItem\",\"position\":2,\"name\":\"Shop\",\"item\":\"https:\/\/belovedlingerie.com\/sk\/shop\/\"},{\"@type\":\"ListItem\",\"position\":3,\"name\":\"Dvojdielne plavky VIVA LA VIDA rose\"}]},{\"@type\":\"WebSite\",\"@id\":\"https:\/\/belovedlingerie.com\/sk\/#website\",\"url\":\"https:\/\/belovedlingerie.com\/sk\/\",\"name\":\"Beloved Lingerie\",\"description\":\"Your beloved fashion store!\",\"potentialAction\":[{\"@type\":\"SearchAction\",\"target\":{\"@type\":\"EntryPoint\",\"urlTemplate\":\"https:\/\/belovedlingerie.com\/sk\/?s={search_term_string}\"},\"query-input\":{\"@type\":\"PropertyValueSpecification\",\"valueRequired\":true,\"valueName\":\"search_term_string\"}}],\"inLanguage\":\"sk-SK\"}]}<\/script>\n<!-- \/ Yoast SEO plugin. -->","yoast_head_json":{"title":"Dvojdielne plavky VIVA LA VIDA rose - Beloved Lingerie","robots":{"index":"index","follow":"follow","max-snippet":"max-snippet:-1","max-image-preview":"max-image-preview:large","max-video-preview":"max-video-preview:-1"},"canonical":"https:\/\/belovedlingerie.com\/sk\/izdelek\/dvojdielne-plavky-viva-la-vida-rose\/","og_locale":"sk_SK","og_type":"article","og_title":"Dvojdielne plavky VIVA LA VIDA rose - Beloved Lingerie","og_description":"Atrakt\u00edvne a zvodn\u00e9 dvojdielne plavky. Nohavi\u010dky maj\u00fa \u0161n\u00farky na viazanie. Hladk\u00fd materi\u00e1l. Vystu\u017een\u00e9 ko\u0161\u00ed\u010dky, ktor\u00e9 sa daj\u00fa pod\u013ea potreby odstr\u00e1ni\u0165. Farba: rose. Zlo\u017eenie: 82% polyester, 18% spandex.","og_url":"https:\/\/belovedlingerie.com\/sk\/izdelek\/dvojdielne-plavky-viva-la-vida-rose\/","og_site_name":"Beloved Lingerie","article_modified_time":"2026-01-27T11:37:21+00:00","og_image":[{"width":1478,"height":2203,"url":"https:\/\/belovedlingerie.com\/sk\/wp-content\/uploads\/2025\/04\/dvojdielne-plavky-139.jpg","type":"image\/jpeg"}],"twitter_card":"summary_large_image","twitter_misc":{"Predpokladan\u00fd \u010das \u010d\u00edtania":"1 min\u00fata"},"schema":{"@context":"https:\/\/schema.org","@graph":[{"@type":"WebPage","@id":"https:\/\/belovedlingerie.com\/sk\/izdelek\/dvojdielne-plavky-viva-la-vida-rose\/","url":"https:\/\/belovedlingerie.com\/sk\/izdelek\/dvojdielne-plavky-viva-la-vida-rose\/","name":"Dvojdielne plavky VIVA LA VIDA rose - Beloved Lingerie","isPartOf":{"@id":"https:\/\/belovedlingerie.com\/sk\/#website"},"primaryImageOfPage":{"@id":"https:\/\/belovedlingerie.com\/sk\/izdelek\/dvojdielne-plavky-viva-la-vida-rose\/#primaryimage"},"image":{"@id":"https:\/\/belovedlingerie.com\/sk\/izdelek\/dvojdielne-plavky-viva-la-vida-rose\/#primaryimage"},"thumbnailUrl":"https:\/\/belovedlingerie.com\/sk\/wp-content\/uploads\/2025\/04\/dvojdielne-plavky-139.jpg","datePublished":"2025-04-28T18:31:44+00:00","dateModified":"2026-01-27T11:37:21+00:00","breadcrumb":{"@id":"https:\/\/belovedlingerie.com\/sk\/izdelek\/dvojdielne-plavky-viva-la-vida-rose\/#breadcrumb"},"inLanguage":"sk-SK","potentialAction":[{"@type":"ReadAction","target":["https:\/\/belovedlingerie.com\/sk\/izdelek\/dvojdielne-plavky-viva-la-vida-rose\/"]}]},{"@type":"ImageObject","inLanguage":"sk-SK","@id":"https:\/\/belovedlingerie.com\/sk\/izdelek\/dvojdielne-plavky-viva-la-vida-rose\/#primaryimage","url":"https:\/\/belovedlingerie.com\/sk\/wp-content\/uploads\/2025\/04\/dvojdielne-plavky-139.jpg","contentUrl":"https:\/\/belovedlingerie.com\/sk\/wp-content\/uploads\/2025\/04\/dvojdielne-plavky-139.jpg","width":1478,"height":2203},{"@type":"BreadcrumbList","@id":"https:\/\/belovedlingerie.com\/sk\/izdelek\/dvojdielne-plavky-viva-la-vida-rose\/#breadcrumb","itemListElement":[{"@type":"ListItem","position":1,"name":"Home","item":"https:\/\/belovedlingerie.com\/sk\/"},{"@type":"ListItem","position":2,"name":"Shop","item":"https:\/\/belovedlingerie.com\/sk\/shop\/"},{"@type":"ListItem","position":3,"name":"Dvojdielne plavky VIVA LA VIDA rose"}]},{"@type":"WebSite","@id":"https:\/\/belovedlingerie.com\/sk\/#website","url":"https:\/\/belovedlingerie.com\/sk\/","name":"Beloved Lingerie","description":"Your beloved fashion store!","potentialAction":[{"@type":"SearchAction","target":{"@type":"EntryPoint","urlTemplate":"https:\/\/belovedlingerie.com\/sk\/?s={search_term_string}"},"query-input":{"@type":"PropertyValueSpecification","valueRequired":true,"valueName":"search_term_string"}}],"inLanguage":"sk-SK"}]}},"_links":{"self":[{"href":"https:\/\/belovedlingerie.com\/sk\/wp-json\/wp\/v2\/product\/10068678","targetHints":{"allow":["GET"]}}],"collection":[{"href":"https:\/\/belovedlingerie.com\/sk\/wp-json\/wp\/v2\/product"}],"about":[{"href":"https:\/\/belovedlingerie.com\/sk\/wp-json\/wp\/v2\/types\/product"}],"replies":[{"embeddable":true,"href":"https:\/\/belovedlingerie.com\/sk\/wp-json\/wp\/v2\/comments?post=10068678"}],"wp:featuredmedia":[{"embeddable":true,"href":"https:\/\/belovedlingerie.com\/sk\/wp-json\/wp\/v2\/media\/10068845"}],"wp:attachment":[{"href":"https:\/\/belovedlingerie.com\/sk\/wp-json\/wp\/v2\/media?parent=10068678"}],"wp:term":[{"taxonomy":"product_brand","embeddable":true,"href":"https:\/\/belovedlingerie.com\/sk\/wp-json\/wp\/v2\/product_brand?post=10068678"},{"taxonomy":"product_cat","embeddable":true,"href":"https:\/\/belovedlingerie.com\/sk\/wp-json\/wp\/v2\/product_cat?post=10068678"},{"taxonomy":"product_tag","embeddable":true,"href":"https:\/\/belovedlingerie.com\/sk\/wp-json\/wp\/v2\/product_tag?post=10068678"}],"curies":[{"name":"wp","href":"https:\/\/api.w.org\/{rel}","templated":true}]}}