{"id":57882,"date":"2023-03-07T14:17:31","date_gmt":"2023-03-07T13:17:31","guid":{"rendered":"https:\/\/belovedlingerie.com\/sk\/?post_type=product&#038;p=57882"},"modified":"2026-04-08T09:16:42","modified_gmt":"2026-04-08T07:16:42","slug":"suprava-spodnej-bielizne-selena","status":"publish","type":"product","link":"https:\/\/belovedlingerie.com\/sk\/izdelek\/suprava-spodnej-bielizne-selena\/","title":{"rendered":"S\u00faprava spodnej bielizne SELENA"},"content":{"rendered":"<ul>\n<li>Dvojdielna sada zah\u0155\u0148a: podprsenku a nohavi\u010dky.<\/li>\n<li>\u013dahk\u00e1 podprsenka s dr\u00f4tenou v\u00fdstu\u017eou.<\/li>\n<li>Bez v\u00fdstu\u017ee.<\/li>\n<li>Jemn\u00e1, \u017eensk\u00e1 a zvodn\u00e1 \u010dipka.<\/li>\n<li>Nastavite\u013en\u00e9 ramienka.<\/li>\n<li>Mo\u017enos\u0165 nastavenia objemu podprsenky.<\/li>\n<li>\u010ciasto\u010dne prieh\u013eadn\u00e9.<\/li>\n<li>Typ nohavi\u010diek: tang\u00e1.<\/li>\n<li>Farba: fialov\u00e1.<\/li>\n<li>Elena nos\u00ed konfek\u010dn\u00fa ve\u013ekos\u0165 S.<\/li>\n<li>Farby spodnej bielizne na obr\u00e1zkoch sa m\u00f4\u017eu mierne l\u00ed\u0161i\u0165 od skuto\u010dn\u00fdch farieb v d\u00f4sledku nastavenia telef\u00f3nu alebo po\u010d\u00edta\u010da.<\/li>\n<li>Zlo\u017eenie: 95 % polyester, 5 % elastan.<\/li>\n<\/ul>\n","protected":false},"excerpt":{"rendered":"<p>Dvojdielna sada zah\u0155\u0148a: podprsenku a nohavi\u010dky. \u013dahk\u00e1 podprsenka s dr\u00f4tenou v\u00fdstu\u017eou. Bez v\u00fdstu\u017ee. Jemn\u00e1, \u017eensk\u00e1 a zvodn\u00e1 \u010dipka. Nastavite\u013en\u00e9 ramienka. Mo\u017enos\u0165 nastavenia objemu podprsenky. \u010ciasto\u010dne prieh\u013eadn\u00e9. Typ nohavi\u010diek: tang\u00e1. Farba: fialov\u00e1. Elena nos\u00ed konfek\u010dn\u00fa ve\u013ekos\u0165 S. Farby spodnej bielizne na obr\u00e1zkoch sa m\u00f4\u017eu mierne l\u00ed\u0161i\u0165 od skuto\u010dn\u00fdch farieb v d\u00f4sledku nastavenia telef\u00f3nu alebo po\u010d\u00edta\u010da. Zlo\u017eenie: [&#8230;]\n","protected":false},"featured_media":57683,"comment_status":"open","ping_status":"closed","template":"","meta":{"_acf_changed":false},"product_brand":[],"product_cat":[158,188,187],"product_tag":[],"class_list":{"0":"post-57882","1":"product","2":"type-product","3":"status-publish","4":"has-post-thumbnail","6":"product_cat-bestsellers","7":"product_cat-dvojdielne-supravy","8":"product_cat-zvodna-spodna-bielizen","10":"first","11":"instock","12":"taxable","13":"shipping-taxable","14":"purchasable","15":"product-type-variable"},"bundled_by":[],"bundle_stock_status":"instock","bundle_stock_quantity":null,"bundle_virtual":false,"bundle_layout":"","bundle_add_to_cart_form_location":"","bundle_editable_in_cart":false,"bundle_sold_individually_context":"","bundle_item_grouping":"","bundle_min_size":"","bundle_max_size":"","bundle_price":[],"bundled_items":[],"bundle_sell_ids":[],"acf":[],"yoast_head":"<!-- This site is optimized with the Yoast SEO plugin v24.3 - https:\/\/yoast.com\/wordpress\/plugins\/seo\/ -->\n<title>S\u00faprava spodnej bielizne SELENA - Beloved Lingerie<\/title>\n<meta name=\"description\" content=\"Komplet spodnjega perila SELENA je dvodelni komplet. Vklju\u010duje modr\u010dek in spodnje hla\u010dke. Ne\u017ena, \u017eenstvena in zapeljiva \u010dipka.\" \/>\n<meta name=\"robots\" content=\"index, follow, max-snippet:-1, max-image-preview:large, max-video-preview:-1\" \/>\n<link rel=\"canonical\" href=\"https:\/\/belovedlingerie.com\/sk\/izdelek\/suprava-spodnej-bielizne-selena\/\" \/>\n<meta property=\"og:locale\" content=\"sk_SK\" \/>\n<meta property=\"og:type\" content=\"article\" \/>\n<meta property=\"og:title\" content=\"S\u00faprava spodnej bielizne SELENA - Beloved Lingerie\" \/>\n<meta property=\"og:description\" content=\"Komplet spodnjega perila SELENA je dvodelni komplet. Vklju\u010duje modr\u010dek in spodnje hla\u010dke. Ne\u017ena, \u017eenstvena in zapeljiva \u010dipka.\" \/>\n<meta property=\"og:url\" content=\"https:\/\/belovedlingerie.com\/sk\/izdelek\/suprava-spodnej-bielizne-selena\/\" \/>\n<meta property=\"og:site_name\" content=\"Beloved Lingerie\" \/>\n<meta property=\"article:modified_time\" content=\"2026-04-08T07:16:42+00:00\" \/>\n<meta property=\"og:image\" content=\"https:\/\/belovedlingerie.com\/sk\/wp-content\/uploads\/2023\/02\/DSC09663.jpg\" \/>\n\t<meta property=\"og:image:width\" content=\"1365\" \/>\n\t<meta property=\"og:image:height\" content=\"2048\" \/>\n\t<meta property=\"og:image:type\" content=\"image\/jpeg\" \/>\n<meta name=\"twitter:card\" content=\"summary_large_image\" \/>\n<meta name=\"twitter:label1\" content=\"Predpokladan\u00fd \u010das \u010d\u00edtania\" \/>\n\t<meta name=\"twitter:data1\" content=\"1 min\u00fata\" \/>\n<script type=\"application\/ld+json\" class=\"yoast-schema-graph\">{\"@context\":\"https:\/\/schema.org\",\"@graph\":[{\"@type\":\"WebPage\",\"@id\":\"https:\/\/belovedlingerie.com\/sk\/izdelek\/suprava-spodnej-bielizne-selena\/\",\"url\":\"https:\/\/belovedlingerie.com\/sk\/izdelek\/suprava-spodnej-bielizne-selena\/\",\"name\":\"S\u00faprava spodnej bielizne SELENA - Beloved Lingerie\",\"isPartOf\":{\"@id\":\"https:\/\/belovedlingerie.com\/sk\/#website\"},\"primaryImageOfPage\":{\"@id\":\"https:\/\/belovedlingerie.com\/sk\/izdelek\/suprava-spodnej-bielizne-selena\/#primaryimage\"},\"image\":{\"@id\":\"https:\/\/belovedlingerie.com\/sk\/izdelek\/suprava-spodnej-bielizne-selena\/#primaryimage\"},\"thumbnailUrl\":\"https:\/\/belovedlingerie.com\/sk\/wp-content\/uploads\/2023\/02\/DSC09663.jpg\",\"datePublished\":\"2023-03-07T13:17:31+00:00\",\"dateModified\":\"2026-04-08T07:16:42+00:00\",\"description\":\"Komplet spodnjega perila SELENA je dvodelni komplet. Vklju\u010duje modr\u010dek in spodnje hla\u010dke. Ne\u017ena, \u017eenstvena in zapeljiva \u010dipka.\",\"breadcrumb\":{\"@id\":\"https:\/\/belovedlingerie.com\/sk\/izdelek\/suprava-spodnej-bielizne-selena\/#breadcrumb\"},\"inLanguage\":\"sk-SK\",\"potentialAction\":[{\"@type\":\"ReadAction\",\"target\":[\"https:\/\/belovedlingerie.com\/sk\/izdelek\/suprava-spodnej-bielizne-selena\/\"]}]},{\"@type\":\"ImageObject\",\"inLanguage\":\"sk-SK\",\"@id\":\"https:\/\/belovedlingerie.com\/sk\/izdelek\/suprava-spodnej-bielizne-selena\/#primaryimage\",\"url\":\"https:\/\/belovedlingerie.com\/sk\/wp-content\/uploads\/2023\/02\/DSC09663.jpg\",\"contentUrl\":\"https:\/\/belovedlingerie.com\/sk\/wp-content\/uploads\/2023\/02\/DSC09663.jpg\",\"width\":1365,\"height\":2048,\"caption\":\"Komplet spodnjega perila SELENA\"},{\"@type\":\"BreadcrumbList\",\"@id\":\"https:\/\/belovedlingerie.com\/sk\/izdelek\/suprava-spodnej-bielizne-selena\/#breadcrumb\",\"itemListElement\":[{\"@type\":\"ListItem\",\"position\":1,\"name\":\"Home\",\"item\":\"https:\/\/belovedlingerie.com\/sk\/\"},{\"@type\":\"ListItem\",\"position\":2,\"name\":\"Shop\",\"item\":\"https:\/\/belovedlingerie.com\/sk\/shop\/\"},{\"@type\":\"ListItem\",\"position\":3,\"name\":\"S\u00faprava spodnej bielizne SELENA\"}]},{\"@type\":\"WebSite\",\"@id\":\"https:\/\/belovedlingerie.com\/sk\/#website\",\"url\":\"https:\/\/belovedlingerie.com\/sk\/\",\"name\":\"Beloved Lingerie\",\"description\":\"Your beloved fashion store!\",\"potentialAction\":[{\"@type\":\"SearchAction\",\"target\":{\"@type\":\"EntryPoint\",\"urlTemplate\":\"https:\/\/belovedlingerie.com\/sk\/?s={search_term_string}\"},\"query-input\":{\"@type\":\"PropertyValueSpecification\",\"valueRequired\":true,\"valueName\":\"search_term_string\"}}],\"inLanguage\":\"sk-SK\"}]}<\/script>\n<!-- \/ Yoast SEO plugin. -->","yoast_head_json":{"title":"S\u00faprava spodnej bielizne SELENA - Beloved Lingerie","description":"Komplet spodnjega perila SELENA je dvodelni komplet. Vklju\u010duje modr\u010dek in spodnje hla\u010dke. Ne\u017ena, \u017eenstvena in zapeljiva \u010dipka.","robots":{"index":"index","follow":"follow","max-snippet":"max-snippet:-1","max-image-preview":"max-image-preview:large","max-video-preview":"max-video-preview:-1"},"canonical":"https:\/\/belovedlingerie.com\/sk\/izdelek\/suprava-spodnej-bielizne-selena\/","og_locale":"sk_SK","og_type":"article","og_title":"S\u00faprava spodnej bielizne SELENA - Beloved Lingerie","og_description":"Komplet spodnjega perila SELENA je dvodelni komplet. Vklju\u010duje modr\u010dek in spodnje hla\u010dke. Ne\u017ena, \u017eenstvena in zapeljiva \u010dipka.","og_url":"https:\/\/belovedlingerie.com\/sk\/izdelek\/suprava-spodnej-bielizne-selena\/","og_site_name":"Beloved Lingerie","article_modified_time":"2026-04-08T07:16:42+00:00","og_image":[{"width":1365,"height":2048,"url":"https:\/\/belovedlingerie.com\/sk\/wp-content\/uploads\/2023\/02\/DSC09663.jpg","type":"image\/jpeg"}],"twitter_card":"summary_large_image","twitter_misc":{"Predpokladan\u00fd \u010das \u010d\u00edtania":"1 min\u00fata"},"schema":{"@context":"https:\/\/schema.org","@graph":[{"@type":"WebPage","@id":"https:\/\/belovedlingerie.com\/sk\/izdelek\/suprava-spodnej-bielizne-selena\/","url":"https:\/\/belovedlingerie.com\/sk\/izdelek\/suprava-spodnej-bielizne-selena\/","name":"S\u00faprava spodnej bielizne SELENA - Beloved Lingerie","isPartOf":{"@id":"https:\/\/belovedlingerie.com\/sk\/#website"},"primaryImageOfPage":{"@id":"https:\/\/belovedlingerie.com\/sk\/izdelek\/suprava-spodnej-bielizne-selena\/#primaryimage"},"image":{"@id":"https:\/\/belovedlingerie.com\/sk\/izdelek\/suprava-spodnej-bielizne-selena\/#primaryimage"},"thumbnailUrl":"https:\/\/belovedlingerie.com\/sk\/wp-content\/uploads\/2023\/02\/DSC09663.jpg","datePublished":"2023-03-07T13:17:31+00:00","dateModified":"2026-04-08T07:16:42+00:00","description":"Komplet spodnjega perila SELENA je dvodelni komplet. Vklju\u010duje modr\u010dek in spodnje hla\u010dke. Ne\u017ena, \u017eenstvena in zapeljiva \u010dipka.","breadcrumb":{"@id":"https:\/\/belovedlingerie.com\/sk\/izdelek\/suprava-spodnej-bielizne-selena\/#breadcrumb"},"inLanguage":"sk-SK","potentialAction":[{"@type":"ReadAction","target":["https:\/\/belovedlingerie.com\/sk\/izdelek\/suprava-spodnej-bielizne-selena\/"]}]},{"@type":"ImageObject","inLanguage":"sk-SK","@id":"https:\/\/belovedlingerie.com\/sk\/izdelek\/suprava-spodnej-bielizne-selena\/#primaryimage","url":"https:\/\/belovedlingerie.com\/sk\/wp-content\/uploads\/2023\/02\/DSC09663.jpg","contentUrl":"https:\/\/belovedlingerie.com\/sk\/wp-content\/uploads\/2023\/02\/DSC09663.jpg","width":1365,"height":2048,"caption":"Komplet spodnjega perila SELENA"},{"@type":"BreadcrumbList","@id":"https:\/\/belovedlingerie.com\/sk\/izdelek\/suprava-spodnej-bielizne-selena\/#breadcrumb","itemListElement":[{"@type":"ListItem","position":1,"name":"Home","item":"https:\/\/belovedlingerie.com\/sk\/"},{"@type":"ListItem","position":2,"name":"Shop","item":"https:\/\/belovedlingerie.com\/sk\/shop\/"},{"@type":"ListItem","position":3,"name":"S\u00faprava spodnej bielizne SELENA"}]},{"@type":"WebSite","@id":"https:\/\/belovedlingerie.com\/sk\/#website","url":"https:\/\/belovedlingerie.com\/sk\/","name":"Beloved Lingerie","description":"Your beloved fashion store!","potentialAction":[{"@type":"SearchAction","target":{"@type":"EntryPoint","urlTemplate":"https:\/\/belovedlingerie.com\/sk\/?s={search_term_string}"},"query-input":{"@type":"PropertyValueSpecification","valueRequired":true,"valueName":"search_term_string"}}],"inLanguage":"sk-SK"}]}},"_links":{"self":[{"href":"https:\/\/belovedlingerie.com\/sk\/wp-json\/wp\/v2\/product\/57882","targetHints":{"allow":["GET"]}}],"collection":[{"href":"https:\/\/belovedlingerie.com\/sk\/wp-json\/wp\/v2\/product"}],"about":[{"href":"https:\/\/belovedlingerie.com\/sk\/wp-json\/wp\/v2\/types\/product"}],"replies":[{"embeddable":true,"href":"https:\/\/belovedlingerie.com\/sk\/wp-json\/wp\/v2\/comments?post=57882"}],"wp:featuredmedia":[{"embeddable":true,"href":"https:\/\/belovedlingerie.com\/sk\/wp-json\/wp\/v2\/media\/57683"}],"wp:attachment":[{"href":"https:\/\/belovedlingerie.com\/sk\/wp-json\/wp\/v2\/media?parent=57882"}],"wp:term":[{"taxonomy":"product_brand","embeddable":true,"href":"https:\/\/belovedlingerie.com\/sk\/wp-json\/wp\/v2\/product_brand?post=57882"},{"taxonomy":"product_cat","embeddable":true,"href":"https:\/\/belovedlingerie.com\/sk\/wp-json\/wp\/v2\/product_cat?post=57882"},{"taxonomy":"product_tag","embeddable":true,"href":"https:\/\/belovedlingerie.com\/sk\/wp-json\/wp\/v2\/product_tag?post=57882"}],"curies":[{"name":"wp","href":"https:\/\/api.w.org\/{rel}","templated":true}]}}