{"id":57941,"date":"2023-03-07T14:18:06","date_gmt":"2023-03-07T13:18:06","guid":{"rendered":"https:\/\/belovedlingerie.com\/sk\/?post_type=product&#038;p=57941"},"modified":"2026-01-05T14:01:07","modified_gmt":"2026-01-05T13:01:07","slug":"suprava-spodnej-bielizne-lucia","status":"publish","type":"product","link":"https:\/\/belovedlingerie.com\/sk\/izdelek\/suprava-spodnej-bielizne-lucia\/","title":{"rendered":"S\u00faprava spodnej bielizne LUCIA"},"content":{"rendered":"<ul>\n<li>Dvojdielna sada zah\u0155\u0148a: podprsenku a nohavi\u010dky.<\/li>\n<li>Vystu\u017een\u00e9 ko\u0161\u00ed\u010dky s dr\u00f4tenou v\u00fdstu\u017eou.<\/li>\n<li>Efekt push-up.<\/li>\n<li>Sie\u0165ovan\u00fd materi\u00e1l s kvetinov\u00fdmi z\u00e1platami.<\/li>\n<li>Vy\u0161\u00edvanie kvet\u00edn so zlat\u00fdmi ni\u0165ami.<\/li>\n<li>Nastavite\u013en\u00e9 popruhy.<\/li>\n<li>Mo\u017enos\u0165 \u00fapravy obvodu podprsenky a nohavi\u010diek.<\/li>\n<li>Typ nohavi\u010diek: tang\u00e1.<\/li>\n<li>\u010ciasto\u010dne prieh\u013eadn\u00e9 nohavi\u010dky.<\/li>\n<li>Farba: \u010dierna.<\/li>\n<li>Elena nos\u00ed konfek\u010dn\u00fa ve\u013ekos\u0165 S.<\/li>\n<li>Farby spodnej bielizne na obr\u00e1zkoch sa m\u00f4\u017eu mierne l\u00ed\u0161i\u0165 od skuto\u010dn\u00fdch farieb v d\u00f4sledku nastavenia telef\u00f3nu alebo po\u010d\u00edta\u010da.<\/li>\n<li>Zlo\u017eenie: 95 % polyester, 5 % elastan.<\/li>\n<\/ul>\n","protected":false},"excerpt":{"rendered":"<p>Dvojdielna sada zah\u0155\u0148a: podprsenku a nohavi\u010dky. Vystu\u017een\u00e9 ko\u0161\u00ed\u010dky s dr\u00f4tenou v\u00fdstu\u017eou. Efekt push-up. Sie\u0165ovan\u00fd materi\u00e1l s kvetinov\u00fdmi z\u00e1platami. Vy\u0161\u00edvanie kvet\u00edn so zlat\u00fdmi ni\u0165ami. Nastavite\u013en\u00e9 popruhy. Mo\u017enos\u0165 \u00fapravy obvodu podprsenky a nohavi\u010diek. Typ nohavi\u010diek: tang\u00e1. \u010ciasto\u010dne prieh\u013eadn\u00e9 nohavi\u010dky. Farba: \u010dierna. Elena nos\u00ed konfek\u010dn\u00fa ve\u013ekos\u0165 S. Farby spodnej bielizne na obr\u00e1zkoch sa m\u00f4\u017eu mierne l\u00ed\u0161i\u0165 od skuto\u010dn\u00fdch [&#8230;]\n","protected":false},"featured_media":57701,"comment_status":"open","ping_status":"closed","template":"","meta":{"_acf_changed":false},"product_brand":[],"product_cat":[188,187],"product_tag":[],"class_list":{"0":"post-57941","1":"product","2":"type-product","3":"status-publish","4":"has-post-thumbnail","6":"product_cat-dvojdielne-supravy","7":"product_cat-zvodna-spodna-bielizen","9":"first","10":"instock","11":"taxable","12":"shipping-taxable","13":"purchasable","14":"product-type-variable"},"bundled_by":[],"bundle_stock_status":"instock","bundle_stock_quantity":null,"bundle_virtual":false,"bundle_layout":"","bundle_add_to_cart_form_location":"","bundle_editable_in_cart":false,"bundle_sold_individually_context":"","bundle_item_grouping":"","bundle_min_size":"","bundle_max_size":"","bundle_price":[],"bundled_items":[],"bundle_sell_ids":[],"acf":[],"yoast_head":"<!-- This site is optimized with the Yoast SEO plugin v24.3 - https:\/\/yoast.com\/wordpress\/plugins\/seo\/ -->\n<title>S\u00faprava spodnej bielizne LUCIA - Beloved Lingerie<\/title>\n<meta name=\"description\" content=\"Komplet spodnjega perila LUCIA je dvodelni komplet. Vklju\u010duje modr\u010dek in spodnje hla\u010dke. Podlo\u017een modr\u010dek z na\u0161itki cvetlic. Push-up efekt.\" \/>\n<meta name=\"robots\" content=\"index, follow, max-snippet:-1, max-image-preview:large, max-video-preview:-1\" \/>\n<link rel=\"canonical\" href=\"https:\/\/belovedlingerie.com\/sk\/izdelek\/suprava-spodnej-bielizne-lucia\/\" \/>\n<meta property=\"og:locale\" content=\"sk_SK\" \/>\n<meta property=\"og:type\" content=\"article\" \/>\n<meta property=\"og:title\" content=\"S\u00faprava spodnej bielizne LUCIA - Beloved Lingerie\" \/>\n<meta property=\"og:description\" content=\"Komplet spodnjega perila LUCIA je dvodelni komplet. Vklju\u010duje modr\u010dek in spodnje hla\u010dke. Podlo\u017een modr\u010dek z na\u0161itki cvetlic. Push-up efekt.\" \/>\n<meta property=\"og:url\" content=\"https:\/\/belovedlingerie.com\/sk\/izdelek\/suprava-spodnej-bielizne-lucia\/\" \/>\n<meta property=\"og:site_name\" content=\"Beloved Lingerie\" \/>\n<meta property=\"article:modified_time\" content=\"2026-01-05T13:01:07+00:00\" \/>\n<meta property=\"og:image\" content=\"https:\/\/belovedlingerie.com\/sk\/wp-content\/uploads\/2023\/02\/DSC00209.jpg\" \/>\n\t<meta property=\"og:image:width\" content=\"1365\" \/>\n\t<meta property=\"og:image:height\" content=\"2048\" \/>\n\t<meta property=\"og:image:type\" content=\"image\/jpeg\" \/>\n<meta name=\"twitter:card\" content=\"summary_large_image\" \/>\n<meta name=\"twitter:label1\" content=\"Predpokladan\u00fd \u010das \u010d\u00edtania\" \/>\n\t<meta name=\"twitter:data1\" content=\"1 min\u00fata\" \/>\n<script type=\"application\/ld+json\" class=\"yoast-schema-graph\">{\"@context\":\"https:\/\/schema.org\",\"@graph\":[{\"@type\":\"WebPage\",\"@id\":\"https:\/\/belovedlingerie.com\/sk\/izdelek\/suprava-spodnej-bielizne-lucia\/\",\"url\":\"https:\/\/belovedlingerie.com\/sk\/izdelek\/suprava-spodnej-bielizne-lucia\/\",\"name\":\"S\u00faprava spodnej bielizne LUCIA - Beloved Lingerie\",\"isPartOf\":{\"@id\":\"https:\/\/belovedlingerie.com\/sk\/#website\"},\"primaryImageOfPage\":{\"@id\":\"https:\/\/belovedlingerie.com\/sk\/izdelek\/suprava-spodnej-bielizne-lucia\/#primaryimage\"},\"image\":{\"@id\":\"https:\/\/belovedlingerie.com\/sk\/izdelek\/suprava-spodnej-bielizne-lucia\/#primaryimage\"},\"thumbnailUrl\":\"https:\/\/belovedlingerie.com\/sk\/wp-content\/uploads\/2023\/02\/DSC00209.jpg\",\"datePublished\":\"2023-03-07T13:18:06+00:00\",\"dateModified\":\"2026-01-05T13:01:07+00:00\",\"description\":\"Komplet spodnjega perila LUCIA je dvodelni komplet. Vklju\u010duje modr\u010dek in spodnje hla\u010dke. Podlo\u017een modr\u010dek z na\u0161itki cvetlic. Push-up efekt.\",\"breadcrumb\":{\"@id\":\"https:\/\/belovedlingerie.com\/sk\/izdelek\/suprava-spodnej-bielizne-lucia\/#breadcrumb\"},\"inLanguage\":\"sk-SK\",\"potentialAction\":[{\"@type\":\"ReadAction\",\"target\":[\"https:\/\/belovedlingerie.com\/sk\/izdelek\/suprava-spodnej-bielizne-lucia\/\"]}]},{\"@type\":\"ImageObject\",\"inLanguage\":\"sk-SK\",\"@id\":\"https:\/\/belovedlingerie.com\/sk\/izdelek\/suprava-spodnej-bielizne-lucia\/#primaryimage\",\"url\":\"https:\/\/belovedlingerie.com\/sk\/wp-content\/uploads\/2023\/02\/DSC00209.jpg\",\"contentUrl\":\"https:\/\/belovedlingerie.com\/sk\/wp-content\/uploads\/2023\/02\/DSC00209.jpg\",\"width\":1365,\"height\":2048,\"caption\":\"Komplet spodnjega perila LUCIA\"},{\"@type\":\"BreadcrumbList\",\"@id\":\"https:\/\/belovedlingerie.com\/sk\/izdelek\/suprava-spodnej-bielizne-lucia\/#breadcrumb\",\"itemListElement\":[{\"@type\":\"ListItem\",\"position\":1,\"name\":\"Home\",\"item\":\"https:\/\/belovedlingerie.com\/sk\/\"},{\"@type\":\"ListItem\",\"position\":2,\"name\":\"Shop\",\"item\":\"https:\/\/belovedlingerie.com\/sk\/shop\/\"},{\"@type\":\"ListItem\",\"position\":3,\"name\":\"S\u00faprava spodnej bielizne LUCIA\"}]},{\"@type\":\"WebSite\",\"@id\":\"https:\/\/belovedlingerie.com\/sk\/#website\",\"url\":\"https:\/\/belovedlingerie.com\/sk\/\",\"name\":\"Beloved Lingerie\",\"description\":\"Your beloved fashion store!\",\"potentialAction\":[{\"@type\":\"SearchAction\",\"target\":{\"@type\":\"EntryPoint\",\"urlTemplate\":\"https:\/\/belovedlingerie.com\/sk\/?s={search_term_string}\"},\"query-input\":{\"@type\":\"PropertyValueSpecification\",\"valueRequired\":true,\"valueName\":\"search_term_string\"}}],\"inLanguage\":\"sk-SK\"}]}<\/script>\n<!-- \/ Yoast SEO plugin. -->","yoast_head_json":{"title":"S\u00faprava spodnej bielizne LUCIA - Beloved Lingerie","description":"Komplet spodnjega perila LUCIA je dvodelni komplet. Vklju\u010duje modr\u010dek in spodnje hla\u010dke. Podlo\u017een modr\u010dek z na\u0161itki cvetlic. Push-up efekt.","robots":{"index":"index","follow":"follow","max-snippet":"max-snippet:-1","max-image-preview":"max-image-preview:large","max-video-preview":"max-video-preview:-1"},"canonical":"https:\/\/belovedlingerie.com\/sk\/izdelek\/suprava-spodnej-bielizne-lucia\/","og_locale":"sk_SK","og_type":"article","og_title":"S\u00faprava spodnej bielizne LUCIA - Beloved Lingerie","og_description":"Komplet spodnjega perila LUCIA je dvodelni komplet. Vklju\u010duje modr\u010dek in spodnje hla\u010dke. Podlo\u017een modr\u010dek z na\u0161itki cvetlic. Push-up efekt.","og_url":"https:\/\/belovedlingerie.com\/sk\/izdelek\/suprava-spodnej-bielizne-lucia\/","og_site_name":"Beloved Lingerie","article_modified_time":"2026-01-05T13:01:07+00:00","og_image":[{"width":1365,"height":2048,"url":"https:\/\/belovedlingerie.com\/sk\/wp-content\/uploads\/2023\/02\/DSC00209.jpg","type":"image\/jpeg"}],"twitter_card":"summary_large_image","twitter_misc":{"Predpokladan\u00fd \u010das \u010d\u00edtania":"1 min\u00fata"},"schema":{"@context":"https:\/\/schema.org","@graph":[{"@type":"WebPage","@id":"https:\/\/belovedlingerie.com\/sk\/izdelek\/suprava-spodnej-bielizne-lucia\/","url":"https:\/\/belovedlingerie.com\/sk\/izdelek\/suprava-spodnej-bielizne-lucia\/","name":"S\u00faprava spodnej bielizne LUCIA - Beloved Lingerie","isPartOf":{"@id":"https:\/\/belovedlingerie.com\/sk\/#website"},"primaryImageOfPage":{"@id":"https:\/\/belovedlingerie.com\/sk\/izdelek\/suprava-spodnej-bielizne-lucia\/#primaryimage"},"image":{"@id":"https:\/\/belovedlingerie.com\/sk\/izdelek\/suprava-spodnej-bielizne-lucia\/#primaryimage"},"thumbnailUrl":"https:\/\/belovedlingerie.com\/sk\/wp-content\/uploads\/2023\/02\/DSC00209.jpg","datePublished":"2023-03-07T13:18:06+00:00","dateModified":"2026-01-05T13:01:07+00:00","description":"Komplet spodnjega perila LUCIA je dvodelni komplet. Vklju\u010duje modr\u010dek in spodnje hla\u010dke. Podlo\u017een modr\u010dek z na\u0161itki cvetlic. Push-up efekt.","breadcrumb":{"@id":"https:\/\/belovedlingerie.com\/sk\/izdelek\/suprava-spodnej-bielizne-lucia\/#breadcrumb"},"inLanguage":"sk-SK","potentialAction":[{"@type":"ReadAction","target":["https:\/\/belovedlingerie.com\/sk\/izdelek\/suprava-spodnej-bielizne-lucia\/"]}]},{"@type":"ImageObject","inLanguage":"sk-SK","@id":"https:\/\/belovedlingerie.com\/sk\/izdelek\/suprava-spodnej-bielizne-lucia\/#primaryimage","url":"https:\/\/belovedlingerie.com\/sk\/wp-content\/uploads\/2023\/02\/DSC00209.jpg","contentUrl":"https:\/\/belovedlingerie.com\/sk\/wp-content\/uploads\/2023\/02\/DSC00209.jpg","width":1365,"height":2048,"caption":"Komplet spodnjega perila LUCIA"},{"@type":"BreadcrumbList","@id":"https:\/\/belovedlingerie.com\/sk\/izdelek\/suprava-spodnej-bielizne-lucia\/#breadcrumb","itemListElement":[{"@type":"ListItem","position":1,"name":"Home","item":"https:\/\/belovedlingerie.com\/sk\/"},{"@type":"ListItem","position":2,"name":"Shop","item":"https:\/\/belovedlingerie.com\/sk\/shop\/"},{"@type":"ListItem","position":3,"name":"S\u00faprava spodnej bielizne LUCIA"}]},{"@type":"WebSite","@id":"https:\/\/belovedlingerie.com\/sk\/#website","url":"https:\/\/belovedlingerie.com\/sk\/","name":"Beloved Lingerie","description":"Your beloved fashion store!","potentialAction":[{"@type":"SearchAction","target":{"@type":"EntryPoint","urlTemplate":"https:\/\/belovedlingerie.com\/sk\/?s={search_term_string}"},"query-input":{"@type":"PropertyValueSpecification","valueRequired":true,"valueName":"search_term_string"}}],"inLanguage":"sk-SK"}]}},"_links":{"self":[{"href":"https:\/\/belovedlingerie.com\/sk\/wp-json\/wp\/v2\/product\/57941","targetHints":{"allow":["GET"]}}],"collection":[{"href":"https:\/\/belovedlingerie.com\/sk\/wp-json\/wp\/v2\/product"}],"about":[{"href":"https:\/\/belovedlingerie.com\/sk\/wp-json\/wp\/v2\/types\/product"}],"replies":[{"embeddable":true,"href":"https:\/\/belovedlingerie.com\/sk\/wp-json\/wp\/v2\/comments?post=57941"}],"wp:featuredmedia":[{"embeddable":true,"href":"https:\/\/belovedlingerie.com\/sk\/wp-json\/wp\/v2\/media\/57701"}],"wp:attachment":[{"href":"https:\/\/belovedlingerie.com\/sk\/wp-json\/wp\/v2\/media?parent=57941"}],"wp:term":[{"taxonomy":"product_brand","embeddable":true,"href":"https:\/\/belovedlingerie.com\/sk\/wp-json\/wp\/v2\/product_brand?post=57941"},{"taxonomy":"product_cat","embeddable":true,"href":"https:\/\/belovedlingerie.com\/sk\/wp-json\/wp\/v2\/product_cat?post=57941"},{"taxonomy":"product_tag","embeddable":true,"href":"https:\/\/belovedlingerie.com\/sk\/wp-json\/wp\/v2\/product_tag?post=57941"}],"curies":[{"name":"wp","href":"https:\/\/api.w.org\/{rel}","templated":true}]}}