{"id":58081,"date":"2023-02-28T17:04:21","date_gmt":"2023-02-28T17:04:21","guid":{"rendered":"https:\/\/belovedlingerie.com\/sk\/?post_type=product&#038;p=58081"},"modified":"2026-02-02T14:08:25","modified_gmt":"2026-02-02T13:08:25","slug":"body-milani","status":"publish","type":"product","link":"https:\/\/belovedlingerie.com\/sk\/izdelek\/body-milani\/","title":{"rendered":"Body MILANI"},"content":{"rendered":"<ul>\n<li>Jemn\u00e1, \u017eensk\u00e1 a zvodn\u00e1 \u010dipka.<\/li>\n<li>Bezdr\u00f4tov\u00e1 podprsenka s elastick\u00fdmi ramienkami.<\/li>\n<li>Nastavite\u013en\u00e9 ramienka.<\/li>\n<li>Typ nohavi\u010diek: braz\u00edlky.<\/li>\n<li>\u010ciasto\u010dne prieh\u013eadn\u00e9.<\/li>\n<li>2 sp\u00f4soby nosenia body: ako spodn\u00e1 bielize\u0148 alebo ka\u017edodenn\u00e9 nosenie.<\/li>\n<li>Farba: \u010dierna.<\/li>\n<li>Nika nos\u00ed konfek\u010dn\u00fa ve\u013ekos\u0165 S.<\/li>\n<li>Farby spodnej bielizne na obr\u00e1zkoch sa m\u00f4\u017eu mierne l\u00ed\u0161i\u0165 od skuto\u010dn\u00fdch farieb v d\u00f4sledku nastavenia telef\u00f3nu alebo po\u010d\u00edta\u010da.<\/li>\n<li>Zlo\u017eenie: 95 % polyester, 5 % elastan.<\/li>\n<\/ul>\n","protected":false},"excerpt":{"rendered":"<p>Jemn\u00e1, \u017eensk\u00e1 a zvodn\u00e1 \u010dipka. Bezdr\u00f4tov\u00e1 podprsenka s elastick\u00fdmi ramienkami. Nastavite\u013en\u00e9 ramienka. Typ nohavi\u010diek: braz\u00edlky. \u010ciasto\u010dne prieh\u013eadn\u00e9. 2 sp\u00f4soby nosenia body: ako spodn\u00e1 bielize\u0148 alebo ka\u017edodenn\u00e9 nosenie. Farba: \u010dierna. Nika nos\u00ed konfek\u010dn\u00fa ve\u013ekos\u0165 S. Farby spodnej bielizne na obr\u00e1zkoch sa m\u00f4\u017eu mierne l\u00ed\u0161i\u0165 od skuto\u010dn\u00fdch farieb v d\u00f4sledku nastavenia telef\u00f3nu alebo po\u010d\u00edta\u010da. Zlo\u017eenie: 95 % [&#8230;]\n","protected":false},"featured_media":57531,"comment_status":"open","ping_status":"closed","template":"","meta":{"_acf_changed":false},"product_brand":[],"product_cat":[190,187],"product_tag":[],"class_list":{"0":"post-58081","1":"product","2":"type-product","3":"status-publish","4":"has-post-thumbnail","6":"product_cat-body","7":"product_cat-zvodna-spodna-bielizen","9":"first","10":"instock","11":"taxable","12":"shipping-taxable","13":"purchasable","14":"product-type-variable"},"bundled_by":[],"bundle_stock_status":"instock","bundle_stock_quantity":null,"bundle_virtual":false,"bundle_layout":"","bundle_add_to_cart_form_location":"","bundle_editable_in_cart":false,"bundle_sold_individually_context":"","bundle_item_grouping":"","bundle_min_size":"","bundle_max_size":"","bundle_price":[],"bundled_items":[],"bundle_sell_ids":[],"acf":[],"yoast_head":"<!-- This site is optimized with the Yoast SEO plugin v24.3 - https:\/\/yoast.com\/wordpress\/plugins\/seo\/ -->\n<title>Body MILANI - Beloved Lingerie<\/title>\n<meta name=\"description\" content=\"Bodi MILANI z ne\u017eno, \u017eenstveno in zapeljivo \u010dipko. Brez\u017ei\u010dne ko\u0161arice z elasti\u010dnimi trakovi in nastavljive naramnice. Delno transparenten. Brazilke.\" \/>\n<meta name=\"robots\" content=\"index, follow, max-snippet:-1, max-image-preview:large, max-video-preview:-1\" \/>\n<link rel=\"canonical\" href=\"https:\/\/belovedlingerie.com\/sk\/izdelek\/body-milani\/\" \/>\n<meta property=\"og:locale\" content=\"sk_SK\" \/>\n<meta property=\"og:type\" content=\"article\" \/>\n<meta property=\"og:title\" content=\"Body MILANI - Beloved Lingerie\" \/>\n<meta property=\"og:description\" content=\"Bodi MILANI z ne\u017eno, \u017eenstveno in zapeljivo \u010dipko. Brez\u017ei\u010dne ko\u0161arice z elasti\u010dnimi trakovi in nastavljive naramnice. Delno transparenten. Brazilke.\" \/>\n<meta property=\"og:url\" content=\"https:\/\/belovedlingerie.com\/sk\/izdelek\/body-milani\/\" \/>\n<meta property=\"og:site_name\" content=\"Beloved Lingerie\" \/>\n<meta property=\"article:modified_time\" content=\"2026-02-02T13:08:25+00:00\" \/>\n<meta property=\"og:image\" content=\"https:\/\/belovedlingerie.com\/sk\/wp-content\/uploads\/2023\/02\/DSC01137.jpg\" \/>\n\t<meta property=\"og:image:width\" content=\"1365\" \/>\n\t<meta property=\"og:image:height\" content=\"2048\" \/>\n\t<meta property=\"og:image:type\" content=\"image\/jpeg\" \/>\n<meta name=\"twitter:card\" content=\"summary_large_image\" \/>\n<meta name=\"twitter:label1\" content=\"Predpokladan\u00fd \u010das \u010d\u00edtania\" \/>\n\t<meta name=\"twitter:data1\" content=\"1 min\u00fata\" \/>\n<script type=\"application\/ld+json\" class=\"yoast-schema-graph\">{\"@context\":\"https:\/\/schema.org\",\"@graph\":[{\"@type\":\"WebPage\",\"@id\":\"https:\/\/belovedlingerie.com\/sk\/izdelek\/body-milani\/\",\"url\":\"https:\/\/belovedlingerie.com\/sk\/izdelek\/body-milani\/\",\"name\":\"Body MILANI - Beloved Lingerie\",\"isPartOf\":{\"@id\":\"https:\/\/belovedlingerie.com\/sk\/#website\"},\"primaryImageOfPage\":{\"@id\":\"https:\/\/belovedlingerie.com\/sk\/izdelek\/body-milani\/#primaryimage\"},\"image\":{\"@id\":\"https:\/\/belovedlingerie.com\/sk\/izdelek\/body-milani\/#primaryimage\"},\"thumbnailUrl\":\"https:\/\/belovedlingerie.com\/sk\/wp-content\/uploads\/2023\/02\/DSC01137.jpg\",\"datePublished\":\"2023-02-28T17:04:21+00:00\",\"dateModified\":\"2026-02-02T13:08:25+00:00\",\"description\":\"Bodi MILANI z ne\u017eno, \u017eenstveno in zapeljivo \u010dipko. Brez\u017ei\u010dne ko\u0161arice z elasti\u010dnimi trakovi in nastavljive naramnice. Delno transparenten. Brazilke.\",\"breadcrumb\":{\"@id\":\"https:\/\/belovedlingerie.com\/sk\/izdelek\/body-milani\/#breadcrumb\"},\"inLanguage\":\"sk-SK\",\"potentialAction\":[{\"@type\":\"ReadAction\",\"target\":[\"https:\/\/belovedlingerie.com\/sk\/izdelek\/body-milani\/\"]}]},{\"@type\":\"ImageObject\",\"inLanguage\":\"sk-SK\",\"@id\":\"https:\/\/belovedlingerie.com\/sk\/izdelek\/body-milani\/#primaryimage\",\"url\":\"https:\/\/belovedlingerie.com\/sk\/wp-content\/uploads\/2023\/02\/DSC01137.jpg\",\"contentUrl\":\"https:\/\/belovedlingerie.com\/sk\/wp-content\/uploads\/2023\/02\/DSC01137.jpg\",\"width\":1365,\"height\":2048,\"caption\":\"Bodi MILANI\"},{\"@type\":\"BreadcrumbList\",\"@id\":\"https:\/\/belovedlingerie.com\/sk\/izdelek\/body-milani\/#breadcrumb\",\"itemListElement\":[{\"@type\":\"ListItem\",\"position\":1,\"name\":\"Home\",\"item\":\"https:\/\/belovedlingerie.com\/sk\/\"},{\"@type\":\"ListItem\",\"position\":2,\"name\":\"Shop\",\"item\":\"https:\/\/belovedlingerie.com\/sk\/shop\/\"},{\"@type\":\"ListItem\",\"position\":3,\"name\":\"Body MILANI\"}]},{\"@type\":\"WebSite\",\"@id\":\"https:\/\/belovedlingerie.com\/sk\/#website\",\"url\":\"https:\/\/belovedlingerie.com\/sk\/\",\"name\":\"Beloved Lingerie\",\"description\":\"Your beloved fashion store!\",\"potentialAction\":[{\"@type\":\"SearchAction\",\"target\":{\"@type\":\"EntryPoint\",\"urlTemplate\":\"https:\/\/belovedlingerie.com\/sk\/?s={search_term_string}\"},\"query-input\":{\"@type\":\"PropertyValueSpecification\",\"valueRequired\":true,\"valueName\":\"search_term_string\"}}],\"inLanguage\":\"sk-SK\"}]}<\/script>\n<!-- \/ Yoast SEO plugin. -->","yoast_head_json":{"title":"Body MILANI - Beloved Lingerie","description":"Bodi MILANI z ne\u017eno, \u017eenstveno in zapeljivo \u010dipko. Brez\u017ei\u010dne ko\u0161arice z elasti\u010dnimi trakovi in nastavljive naramnice. Delno transparenten. Brazilke.","robots":{"index":"index","follow":"follow","max-snippet":"max-snippet:-1","max-image-preview":"max-image-preview:large","max-video-preview":"max-video-preview:-1"},"canonical":"https:\/\/belovedlingerie.com\/sk\/izdelek\/body-milani\/","og_locale":"sk_SK","og_type":"article","og_title":"Body MILANI - Beloved Lingerie","og_description":"Bodi MILANI z ne\u017eno, \u017eenstveno in zapeljivo \u010dipko. Brez\u017ei\u010dne ko\u0161arice z elasti\u010dnimi trakovi in nastavljive naramnice. Delno transparenten. Brazilke.","og_url":"https:\/\/belovedlingerie.com\/sk\/izdelek\/body-milani\/","og_site_name":"Beloved Lingerie","article_modified_time":"2026-02-02T13:08:25+00:00","og_image":[{"width":1365,"height":2048,"url":"https:\/\/belovedlingerie.com\/sk\/wp-content\/uploads\/2023\/02\/DSC01137.jpg","type":"image\/jpeg"}],"twitter_card":"summary_large_image","twitter_misc":{"Predpokladan\u00fd \u010das \u010d\u00edtania":"1 min\u00fata"},"schema":{"@context":"https:\/\/schema.org","@graph":[{"@type":"WebPage","@id":"https:\/\/belovedlingerie.com\/sk\/izdelek\/body-milani\/","url":"https:\/\/belovedlingerie.com\/sk\/izdelek\/body-milani\/","name":"Body MILANI - Beloved Lingerie","isPartOf":{"@id":"https:\/\/belovedlingerie.com\/sk\/#website"},"primaryImageOfPage":{"@id":"https:\/\/belovedlingerie.com\/sk\/izdelek\/body-milani\/#primaryimage"},"image":{"@id":"https:\/\/belovedlingerie.com\/sk\/izdelek\/body-milani\/#primaryimage"},"thumbnailUrl":"https:\/\/belovedlingerie.com\/sk\/wp-content\/uploads\/2023\/02\/DSC01137.jpg","datePublished":"2023-02-28T17:04:21+00:00","dateModified":"2026-02-02T13:08:25+00:00","description":"Bodi MILANI z ne\u017eno, \u017eenstveno in zapeljivo \u010dipko. Brez\u017ei\u010dne ko\u0161arice z elasti\u010dnimi trakovi in nastavljive naramnice. Delno transparenten. Brazilke.","breadcrumb":{"@id":"https:\/\/belovedlingerie.com\/sk\/izdelek\/body-milani\/#breadcrumb"},"inLanguage":"sk-SK","potentialAction":[{"@type":"ReadAction","target":["https:\/\/belovedlingerie.com\/sk\/izdelek\/body-milani\/"]}]},{"@type":"ImageObject","inLanguage":"sk-SK","@id":"https:\/\/belovedlingerie.com\/sk\/izdelek\/body-milani\/#primaryimage","url":"https:\/\/belovedlingerie.com\/sk\/wp-content\/uploads\/2023\/02\/DSC01137.jpg","contentUrl":"https:\/\/belovedlingerie.com\/sk\/wp-content\/uploads\/2023\/02\/DSC01137.jpg","width":1365,"height":2048,"caption":"Bodi MILANI"},{"@type":"BreadcrumbList","@id":"https:\/\/belovedlingerie.com\/sk\/izdelek\/body-milani\/#breadcrumb","itemListElement":[{"@type":"ListItem","position":1,"name":"Home","item":"https:\/\/belovedlingerie.com\/sk\/"},{"@type":"ListItem","position":2,"name":"Shop","item":"https:\/\/belovedlingerie.com\/sk\/shop\/"},{"@type":"ListItem","position":3,"name":"Body MILANI"}]},{"@type":"WebSite","@id":"https:\/\/belovedlingerie.com\/sk\/#website","url":"https:\/\/belovedlingerie.com\/sk\/","name":"Beloved Lingerie","description":"Your beloved fashion store!","potentialAction":[{"@type":"SearchAction","target":{"@type":"EntryPoint","urlTemplate":"https:\/\/belovedlingerie.com\/sk\/?s={search_term_string}"},"query-input":{"@type":"PropertyValueSpecification","valueRequired":true,"valueName":"search_term_string"}}],"inLanguage":"sk-SK"}]}},"_links":{"self":[{"href":"https:\/\/belovedlingerie.com\/sk\/wp-json\/wp\/v2\/product\/58081","targetHints":{"allow":["GET"]}}],"collection":[{"href":"https:\/\/belovedlingerie.com\/sk\/wp-json\/wp\/v2\/product"}],"about":[{"href":"https:\/\/belovedlingerie.com\/sk\/wp-json\/wp\/v2\/types\/product"}],"replies":[{"embeddable":true,"href":"https:\/\/belovedlingerie.com\/sk\/wp-json\/wp\/v2\/comments?post=58081"}],"wp:featuredmedia":[{"embeddable":true,"href":"https:\/\/belovedlingerie.com\/sk\/wp-json\/wp\/v2\/media\/57531"}],"wp:attachment":[{"href":"https:\/\/belovedlingerie.com\/sk\/wp-json\/wp\/v2\/media?parent=58081"}],"wp:term":[{"taxonomy":"product_brand","embeddable":true,"href":"https:\/\/belovedlingerie.com\/sk\/wp-json\/wp\/v2\/product_brand?post=58081"},{"taxonomy":"product_cat","embeddable":true,"href":"https:\/\/belovedlingerie.com\/sk\/wp-json\/wp\/v2\/product_cat?post=58081"},{"taxonomy":"product_tag","embeddable":true,"href":"https:\/\/belovedlingerie.com\/sk\/wp-json\/wp\/v2\/product_tag?post=58081"}],"curies":[{"name":"wp","href":"https:\/\/api.w.org\/{rel}","templated":true}]}}